{"id":310,"date":"2018-08-15T13:07:28","date_gmt":"2018-08-15T10:07:28","guid":{"rendered":"https:\/\/worxpace.pro\/?page_id=310"},"modified":"2018-09-14T17:01:52","modified_gmt":"2018-09-14T14:01:52","slug":"demo-hooldusauto","status":"publish","type":"page","link":"https:\/\/worxpace.pro\/et\/demo-hooldusauto\/","title":{"rendered":"Demo hooldusauto"},"content":{"rendered":"<figure id=\"attachment_464\" aria-describedby=\"caption-attachment-464\" style=\"width: 980px\" class=\"wp-caption alignleft\"><a href=\"https:\/\/worxpace.pro\/wp-content\/uploads\/2018\/09\/HU_12092018_Worxpace_PRO_Roosna-Alliku_035_v-1024x693.jpg\"><img fetchpriority=\"high\" decoding=\"async\" data-attachment-id=\"464\" data-permalink=\"https:\/\/worxpace.pro\/et\/demo-hooldusauto\/hu_12092018_worxpace_pro_roosna-alliku_035_v-2\/\" data-orig-file=\"https:\/\/worxpace.pro\/wp-content\/uploads\/2018\/09\/HU_12092018_Worxpace_PRO_Roosna-Alliku_035_v.jpg\" data-orig-size=\"1200,812\" data-comments-opened=\"0\" data-image-meta=\"{&quot;aperture&quot;:&quot;10&quot;,&quot;credit&quot;:&quot;Helen Urbanik&quot;,&quot;camera&quot;:&quot;NIKON D7100&quot;,&quot;caption&quot;:&quot;&quot;,&quot;created_timestamp&quot;:&quot;1536755336&quot;,&quot;copyright&quot;:&quot;&quot;,&quot;focal_length&quot;:&quot;16&quot;,&quot;iso&quot;:&quot;400&quot;,&quot;shutter_speed&quot;:&quot;0.01&quot;,&quot;title&quot;:&quot;&quot;,&quot;orientation&quot;:&quot;1&quot;}\" data-image-title=\"HU_12092018_Worxpace_PRO_Roosna-Alliku_035_v\" data-image-description=\"\" data-image-caption=\"&lt;p&gt;Worxpace PRO demoauto vasakult&lt;\/p&gt;\n\" data-medium-file=\"https:\/\/worxpace.pro\/wp-content\/uploads\/2018\/09\/HU_12092018_Worxpace_PRO_Roosna-Alliku_035_v-300x203.jpg\" data-large-file=\"https:\/\/worxpace.pro\/wp-content\/uploads\/2018\/09\/HU_12092018_Worxpace_PRO_Roosna-Alliku_035_v-1024x693.jpg\" class=\"size-large wp-image-464\" src=\"https:\/\/worxpace.pro\/wp-content\/uploads\/2018\/09\/HU_12092018_Worxpace_PRO_Roosna-Alliku_035_v-1024x693.jpg\" alt=\"\" width=\"980\" height=\"663\" srcset=\"https:\/\/worxpace.pro\/wp-content\/uploads\/2018\/09\/HU_12092018_Worxpace_PRO_Roosna-Alliku_035_v-1024x693.jpg 1024w, https:\/\/worxpace.pro\/wp-content\/uploads\/2018\/09\/HU_12092018_Worxpace_PRO_Roosna-Alliku_035_v-300x203.jpg 300w, https:\/\/worxpace.pro\/wp-content\/uploads\/2018\/09\/HU_12092018_Worxpace_PRO_Roosna-Alliku_035_v-768x520.jpg 768w, https:\/\/worxpace.pro\/wp-content\/uploads\/2018\/09\/HU_12092018_Worxpace_PRO_Roosna-Alliku_035_v-148x100.jpg 148w, https:\/\/worxpace.pro\/wp-content\/uploads\/2018\/09\/HU_12092018_Worxpace_PRO_Roosna-Alliku_035_v-296x200.jpg 296w, https:\/\/worxpace.pro\/wp-content\/uploads\/2018\/09\/HU_12092018_Worxpace_PRO_Roosna-Alliku_035_v.jpg 1200w\" sizes=\"(max-width: 980px) 100vw, 980px\" \/><\/a><figcaption id=\"caption-attachment-464\" class=\"wp-caption-text\">Worxpace PRO demoauto vasakult<\/figcaption><\/figure>\n<h3>Mugavus<\/h3>\n<p>Worxpace PRO hooldusauto on <strong>mugav mobiilne t\u00f6\u00f6koht<\/strong> rasketehnika hooldusettev\u00f5tetele.<\/p>\n<p>Worxpace PRO hooldusauto <strong>mahutavus on 8+ kuupmeetrit suurem kui kaubikul<\/strong>. Siin on rohkem ruumi t\u00f6\u00f6tamiseks, rohkem ruumi tehnikale ja varuosadele.<\/p>\n<p><strong>Lahtik\u00e4iva trepi abil<\/strong> on lihtne autosse siseneda ja sealt v\u00e4ljuda.<\/p>\n<p>Hooldusauto <strong>k\u00fclje sisse on ehitatud tasapind<\/strong>, mida saab kasutada t\u00f6\u00f6riistade asetamiseks v\u00f5i t\u00f6\u00f6pinnana. Ka saab sellele veoki seest t\u00f5mmata ratastel t\u00f6\u00f6riistak\u00e4ru.<\/p>\n<figure id=\"attachment_467\" aria-describedby=\"caption-attachment-467\" style=\"width: 980px\" class=\"wp-caption alignleft\"><a href=\"https:\/\/worxpace.pro\/wp-content\/uploads\/2018\/09\/HU_12092018_Worxpace_PRO_Roosna-Alliku_097_v-1024x684.jpg\"><img decoding=\"async\" data-attachment-id=\"467\" data-permalink=\"https:\/\/worxpace.pro\/et\/demo-hooldusauto\/hu_12092018_worxpace_pro_roosna-alliku_097_v-2\/\" data-orig-file=\"https:\/\/worxpace.pro\/wp-content\/uploads\/2018\/09\/HU_12092018_Worxpace_PRO_Roosna-Alliku_097_v.jpg\" data-orig-size=\"1200,801\" data-comments-opened=\"0\" data-image-meta=\"{&quot;aperture&quot;:&quot;10&quot;,&quot;credit&quot;:&quot;Helen Urbanik&quot;,&quot;camera&quot;:&quot;NIKON D7100&quot;,&quot;caption&quot;:&quot;&quot;,&quot;created_timestamp&quot;:&quot;1536753755&quot;,&quot;copyright&quot;:&quot;&quot;,&quot;focal_length&quot;:&quot;22&quot;,&quot;iso&quot;:&quot;400&quot;,&quot;shutter_speed&quot;:&quot;0.016666666666667&quot;,&quot;title&quot;:&quot;&quot;,&quot;orientation&quot;:&quot;1&quot;}\" data-image-title=\"HU_12092018_Worxpace_PRO_Roosna-Alliku_097_v\" data-image-description=\"\" data-image-caption=\"&lt;p&gt;Worxpace PRO demoauto tagant&lt;\/p&gt;\n\" data-medium-file=\"https:\/\/worxpace.pro\/wp-content\/uploads\/2018\/09\/HU_12092018_Worxpace_PRO_Roosna-Alliku_097_v-300x200.jpg\" data-large-file=\"https:\/\/worxpace.pro\/wp-content\/uploads\/2018\/09\/HU_12092018_Worxpace_PRO_Roosna-Alliku_097_v-1024x684.jpg\" class=\"size-large wp-image-467\" src=\"https:\/\/worxpace.pro\/wp-content\/uploads\/2018\/09\/HU_12092018_Worxpace_PRO_Roosna-Alliku_097_v-1024x684.jpg\" alt=\"\" width=\"980\" height=\"655\" srcset=\"https:\/\/worxpace.pro\/wp-content\/uploads\/2018\/09\/HU_12092018_Worxpace_PRO_Roosna-Alliku_097_v-1024x684.jpg 1024w, https:\/\/worxpace.pro\/wp-content\/uploads\/2018\/09\/HU_12092018_Worxpace_PRO_Roosna-Alliku_097_v-300x200.jpg 300w, https:\/\/worxpace.pro\/wp-content\/uploads\/2018\/09\/HU_12092018_Worxpace_PRO_Roosna-Alliku_097_v-768x513.jpg 768w, https:\/\/worxpace.pro\/wp-content\/uploads\/2018\/09\/HU_12092018_Worxpace_PRO_Roosna-Alliku_097_v-150x100.jpg 150w, https:\/\/worxpace.pro\/wp-content\/uploads\/2018\/09\/HU_12092018_Worxpace_PRO_Roosna-Alliku_097_v.jpg 1200w\" sizes=\"(max-width: 980px) 100vw, 980px\" \/><\/a><figcaption id=\"caption-attachment-467\" class=\"wp-caption-text\">Worxpace PRO demoauto tagant<\/figcaption><\/figure>\n<h3>Veoki p\u00f5hi<\/h3>\n<p><strong>7 t Iveco Daily<\/strong>, millel on 3 l mootor, mahutab 7 istekohta: nii saab v\u00e4ljakutsele vajadusel viia suurema meeskonna.<\/p>\n<h3>Varustus vedelike vahetamiseks<\/h3>\n<p><strong><em>Oil-bar<\/em> avaneb v\u00e4lisk\u00fcljele<\/strong> ja mahutab kaks 200 l \u00f5litunni ning kaks v\u00e4iksemat;<br \/><strong>\u00d5livoolikud<\/strong> saab veokist v\u00e4lja t\u00f5mmata;<br \/>Kanistrid ja teised vajalikud <strong>vahendid vedelike vahetamiseks<\/strong>.<\/p>\n<h3>Elekter ja v\u00f5imsus<\/h3>\n<p><strong>Elektrikilp<\/strong> asub veoki v\u00e4lisk\u00fcljel oil-bar&#8217;is;<br \/><strong>Pistikupesad 3 x 380 V ja 220 V<\/strong> veoki sees ja v\u00e4lisk\u00fcljel elektrit\u00f6\u00f6riistade \u00fchendamiseks, <strong>USB-\u00fchendused<\/strong>;<br \/><strong>Bensiinigeneraator<\/strong> varustab hooldusautod elektriga. Generaatorit saab veokist v\u00e4lja t\u00f5mmata, et sise\u00f5hku mitte saastada.<\/p>\n<figure id=\"attachment_461\" aria-describedby=\"caption-attachment-461\" style=\"width: 980px\" class=\"wp-caption alignleft\"><a href=\"https:\/\/worxpace.pro\/wp-content\/uploads\/2018\/09\/HU_12092018_Worxpace_PRO_Roosna-Alliku_122_v-1024x684.jpg\"><img decoding=\"async\" data-attachment-id=\"461\" data-permalink=\"https:\/\/worxpace.pro\/et\/hu_12092018_worxpace_pro_roosna-alliku_122_v-2\/\" data-orig-file=\"https:\/\/worxpace.pro\/wp-content\/uploads\/2018\/09\/HU_12092018_Worxpace_PRO_Roosna-Alliku_122_v.jpg\" data-orig-size=\"1200,801\" data-comments-opened=\"0\" data-image-meta=\"{&quot;aperture&quot;:&quot;10&quot;,&quot;credit&quot;:&quot;Helen Urbanik&quot;,&quot;camera&quot;:&quot;NIKON D7100&quot;,&quot;caption&quot;:&quot;&quot;,&quot;created_timestamp&quot;:&quot;1536753251&quot;,&quot;copyright&quot;:&quot;&quot;,&quot;focal_length&quot;:&quot;21&quot;,&quot;iso&quot;:&quot;400&quot;,&quot;shutter_speed&quot;:&quot;0.01&quot;,&quot;title&quot;:&quot;&quot;,&quot;orientation&quot;:&quot;1&quot;}\" data-image-title=\"HU_12092018_Worxpace_PRO_Roosna-Alliku_122_v\" data-image-description=\"\" data-image-caption=\"&lt;p&gt;Worxpace PRO demoauto paremalt&lt;\/p&gt;\n\" data-medium-file=\"https:\/\/worxpace.pro\/wp-content\/uploads\/2018\/09\/HU_12092018_Worxpace_PRO_Roosna-Alliku_122_v-300x200.jpg\" data-large-file=\"https:\/\/worxpace.pro\/wp-content\/uploads\/2018\/09\/HU_12092018_Worxpace_PRO_Roosna-Alliku_122_v-1024x684.jpg\" class=\"size-large wp-image-461\" src=\"https:\/\/worxpace.pro\/wp-content\/uploads\/2018\/09\/HU_12092018_Worxpace_PRO_Roosna-Alliku_122_v-1024x684.jpg\" alt=\"\" width=\"980\" height=\"655\" srcset=\"https:\/\/worxpace.pro\/wp-content\/uploads\/2018\/09\/HU_12092018_Worxpace_PRO_Roosna-Alliku_122_v-1024x684.jpg 1024w, https:\/\/worxpace.pro\/wp-content\/uploads\/2018\/09\/HU_12092018_Worxpace_PRO_Roosna-Alliku_122_v-300x200.jpg 300w, https:\/\/worxpace.pro\/wp-content\/uploads\/2018\/09\/HU_12092018_Worxpace_PRO_Roosna-Alliku_122_v-768x513.jpg 768w, https:\/\/worxpace.pro\/wp-content\/uploads\/2018\/09\/HU_12092018_Worxpace_PRO_Roosna-Alliku_122_v-150x100.jpg 150w, https:\/\/worxpace.pro\/wp-content\/uploads\/2018\/09\/HU_12092018_Worxpace_PRO_Roosna-Alliku_122_v.jpg 1200w\" sizes=\"(max-width: 980px) 100vw, 980px\" \/><\/a><figcaption id=\"caption-attachment-461\" class=\"wp-caption-text\">Worxpace PRO demoauto paremalt<\/figcaption><\/figure>\n<h3>Mobiilse t\u00f6\u00f6koja sisemus<\/h3>\n<p><strong>T\u00f6\u00f6tasapind<\/strong>;<br \/><strong>Aluca riiulid ja mahukas ladustamiss\u00fcsteem<\/strong>;<br \/><strong>Aknad veoki m\u00f5lemal k\u00fcljel<\/strong> ja <strong>kaks katuseakent<\/strong>;<br \/>Mitmed t\u00f6\u00f6riistad nagu <strong>kompressor, keevitusaparaat<\/strong> jne;<br \/><strong>V\u00e4ike isiklik ala<\/strong>, kus hoida puhtaid ja t\u00f6\u00f6riideid jms;<br \/><strong>T\u00f6\u00f6valgus<\/strong>;<br \/><strong>Pistikupesad ja USB-laadimispunktid<\/strong>;<br \/><strong><em>Sandwich<\/em>-paneelid soojustavad kere<\/strong>, mis on talvel soe ja suvel jahe;<br \/><strong>Lisasoojustuss\u00fcsteem<\/strong>.<\/p>\n<figure id=\"attachment_469\" aria-describedby=\"caption-attachment-469\" style=\"width: 980px\" class=\"wp-caption alignleft\"><a href=\"https:\/\/worxpace.pro\/wp-content\/uploads\/2018\/09\/HU_12092018_Worxpace_PRO_Roosna-Alliku_054_v-1024x684.jpg\"><img loading=\"lazy\" decoding=\"async\" data-attachment-id=\"469\" data-permalink=\"https:\/\/worxpace.pro\/et\/demo-hooldusauto\/hu_12092018_worxpace_pro_roosna-alliku_054_v-2\/\" data-orig-file=\"https:\/\/worxpace.pro\/wp-content\/uploads\/2018\/09\/HU_12092018_Worxpace_PRO_Roosna-Alliku_054_v.jpg\" data-orig-size=\"1200,801\" data-comments-opened=\"0\" data-image-meta=\"{&quot;aperture&quot;:&quot;10&quot;,&quot;credit&quot;:&quot;Helen Urbanik&quot;,&quot;camera&quot;:&quot;NIKON D7100&quot;,&quot;caption&quot;:&quot;&quot;,&quot;created_timestamp&quot;:&quot;1536754743&quot;,&quot;copyright&quot;:&quot;&quot;,&quot;focal_length&quot;:&quot;27&quot;,&quot;iso&quot;:&quot;400&quot;,&quot;shutter_speed&quot;:&quot;0.005&quot;,&quot;title&quot;:&quot;&quot;,&quot;orientation&quot;:&quot;1&quot;}\" data-image-title=\"HU_12092018_Worxpace_PRO_Roosna-Alliku_054_v\" data-image-description=\"\" data-image-caption=\"&lt;p&gt;Worxpace PRO demoauto eest&lt;\/p&gt;\n\" data-medium-file=\"https:\/\/worxpace.pro\/wp-content\/uploads\/2018\/09\/HU_12092018_Worxpace_PRO_Roosna-Alliku_054_v-300x200.jpg\" data-large-file=\"https:\/\/worxpace.pro\/wp-content\/uploads\/2018\/09\/HU_12092018_Worxpace_PRO_Roosna-Alliku_054_v-1024x684.jpg\" class=\"size-large wp-image-469\" src=\"https:\/\/worxpace.pro\/wp-content\/uploads\/2018\/09\/HU_12092018_Worxpace_PRO_Roosna-Alliku_054_v-1024x684.jpg\" alt=\"\" width=\"980\" height=\"655\" srcset=\"https:\/\/worxpace.pro\/wp-content\/uploads\/2018\/09\/HU_12092018_Worxpace_PRO_Roosna-Alliku_054_v-1024x684.jpg 1024w, https:\/\/worxpace.pro\/wp-content\/uploads\/2018\/09\/HU_12092018_Worxpace_PRO_Roosna-Alliku_054_v-300x200.jpg 300w, https:\/\/worxpace.pro\/wp-content\/uploads\/2018\/09\/HU_12092018_Worxpace_PRO_Roosna-Alliku_054_v-768x513.jpg 768w, https:\/\/worxpace.pro\/wp-content\/uploads\/2018\/09\/HU_12092018_Worxpace_PRO_Roosna-Alliku_054_v-150x100.jpg 150w, https:\/\/worxpace.pro\/wp-content\/uploads\/2018\/09\/HU_12092018_Worxpace_PRO_Roosna-Alliku_054_v.jpg 1200w\" sizes=\"(max-width: 980px) 100vw, 980px\" \/><\/a><figcaption id=\"caption-attachment-469\" class=\"wp-caption-text\">Worxpace PRO demoauto eest<\/figcaption><\/figure>\n<h3>Kraana, ladustamine ja veolahendused<\/h3>\n<p>Veoki tagak\u00fcljele <strong>sisseehitatud kraanat<\/strong> saab v\u00e4lja t\u00f5mmata ning kasutada materjalide t\u00f5stmiseks veokisse ja sealt v\u00e4lja. T\u00f5stej\u00f5ud 1,3 t.<br \/>Katusele paigutatud <strong>spoiler parandab aerod\u00fcnaamikat<\/strong> ja selle sisemus pakub lisav\u00f5imalusi ladustamiseks;<br \/>Veoki kere alumisse serva on paigutatud <strong>sisseehitatud kastid<\/strong>;<br \/>Veoki p\u00f5randal on spetsiaalne <strong>transpordikinnituss\u00fcsteem<\/strong>;<br \/>Ka veoki <strong>kere katust saab materjalide transportimiseks kasutada<\/strong>, sinna viib eemaldatav redel.<\/p>\n<h3>Valgustus<\/h3>\n<p>Tipp-kvaliteetsed <strong>LED valgustid veoki sees ja v\u00e4lisk\u00fclgedel<\/strong>;<br \/><strong>Kaasaskantav laetav LED valgusti<\/strong>, mida saab paigaldada katusele v\u00f5i maapinnale;<br \/><strong>LED vilkurid<\/strong> aitavad veokit eristada.<\/p>\n<p>[envira-gallery id=&#8221;524&#8243;]<\/p>\n<p>[envira-gallery id=&#8221;524&#8243;]<\/p>\n","protected":false},"excerpt":{"rendered":"<p>Mugavus Worxpace PRO hooldusauto on mugav mobiilne t\u00f6\u00f6koht rasketehnika hooldusettev\u00f5tetele. Worxpace PRO hooldusauto mahutavus on 8+ kuupmeetrit suurem kui kaubikul. Siin on rohkem ruumi t\u00f6\u00f6tamiseks, rohkem ruumi tehnikale ja varuosadele. Lahtik\u00e4iva trepi abil on lihtne autosse siseneda ja sealt v\u00e4ljuda. Hooldusauto k\u00fclje sisse on ehitatud tasapind, mida saab kasutada t\u00f6\u00f6riistade asetamiseks v\u00f5i t\u00f6\u00f6pinnana. Ka saab [&hellip;]<\/p>\n","protected":false},"author":1,"featured_media":0,"parent":0,"menu_order":0,"comment_status":"closed","ping_status":"closed","template":"","meta":{"jetpack_post_was_ever_published":false,"footnotes":""},"class_list":["post-310","page","type-page","status-publish","hentry"],"yoast_head":"<!-- This site is optimized with the Yoast SEO plugin v26.4 - https:\/\/yoast.com\/wordpress\/plugins\/seo\/ -->\n<title>Demo hooldusauto - Worxpace PRO<\/title>\n<meta name=\"robots\" content=\"index, follow, max-snippet:-1, max-image-preview:large, max-video-preview:-1\" \/>\n<link rel=\"canonical\" href=\"https:\/\/worxpace.pro\/et\/demo-hooldusauto\/\" \/>\n<meta property=\"og:locale\" content=\"et_EE\" \/>\n<meta property=\"og:type\" content=\"article\" \/>\n<meta property=\"og:title\" content=\"Demo hooldusauto - Worxpace PRO\" \/>\n<meta property=\"og:description\" content=\"Mugavus Worxpace PRO hooldusauto on mugav mobiilne t\u00f6\u00f6koht rasketehnika hooldusettev\u00f5tetele. Worxpace PRO hooldusauto mahutavus on 8+ kuupmeetrit suurem kui kaubikul. Siin on rohkem ruumi t\u00f6\u00f6tamiseks, rohkem ruumi tehnikale ja varuosadele. Lahtik\u00e4iva trepi abil on lihtne autosse siseneda ja sealt v\u00e4ljuda. Hooldusauto k\u00fclje sisse on ehitatud tasapind, mida saab kasutada t\u00f6\u00f6riistade asetamiseks v\u00f5i t\u00f6\u00f6pinnana. Ka saab [&hellip;]\" \/>\n<meta property=\"og:url\" content=\"https:\/\/worxpace.pro\/et\/demo-hooldusauto\/\" \/>\n<meta property=\"og:site_name\" content=\"Worxpace PRO\" \/>\n<meta property=\"article:publisher\" content=\"https:\/\/www.facebook.com\/Worxpacepro-2061684580819513\/\" \/>\n<meta property=\"article:modified_time\" content=\"2018-09-14T14:01:52+00:00\" \/>\n<meta property=\"og:image\" content=\"https:\/\/worxpace.pro\/wp-content\/uploads\/2018\/09\/HU_12092018_Worxpace_PRO_Roosna-Alliku_035_v-1024x693.jpg\" \/>\n<meta name=\"twitter:card\" content=\"summary_large_image\" \/>\n<meta name=\"twitter:label1\" content=\"Est. reading time\" \/>\n\t<meta name=\"twitter:data1\" content=\"2 minutit\" \/>\n<script type=\"application\/ld+json\" class=\"yoast-schema-graph\">{\"@context\":\"https:\/\/schema.org\",\"@graph\":[{\"@type\":\"WebPage\",\"@id\":\"https:\/\/worxpace.pro\/et\/demo-hooldusauto\/\",\"url\":\"https:\/\/worxpace.pro\/et\/demo-hooldusauto\/\",\"name\":\"Demo hooldusauto - Worxpace PRO\",\"isPartOf\":{\"@id\":\"https:\/\/worxpace.pro\/et\/#website\"},\"primaryImageOfPage\":{\"@id\":\"https:\/\/worxpace.pro\/et\/demo-hooldusauto\/#primaryimage\"},\"image\":{\"@id\":\"https:\/\/worxpace.pro\/et\/demo-hooldusauto\/#primaryimage\"},\"thumbnailUrl\":\"https:\/\/worxpace.pro\/wp-content\/uploads\/2018\/09\/HU_12092018_Worxpace_PRO_Roosna-Alliku_035_v-1024x693.jpg\",\"datePublished\":\"2018-08-15T10:07:28+00:00\",\"dateModified\":\"2018-09-14T14:01:52+00:00\",\"breadcrumb\":{\"@id\":\"https:\/\/worxpace.pro\/et\/demo-hooldusauto\/#breadcrumb\"},\"inLanguage\":\"et\",\"potentialAction\":[{\"@type\":\"ReadAction\",\"target\":[\"https:\/\/worxpace.pro\/et\/demo-hooldusauto\/\"]}]},{\"@type\":\"ImageObject\",\"inLanguage\":\"et\",\"@id\":\"https:\/\/worxpace.pro\/et\/demo-hooldusauto\/#primaryimage\",\"url\":\"https:\/\/worxpace.pro\/wp-content\/uploads\/2018\/09\/HU_12092018_Worxpace_PRO_Roosna-Alliku_035_v-1024x693.jpg\",\"contentUrl\":\"https:\/\/worxpace.pro\/wp-content\/uploads\/2018\/09\/HU_12092018_Worxpace_PRO_Roosna-Alliku_035_v-1024x693.jpg\"},{\"@type\":\"BreadcrumbList\",\"@id\":\"https:\/\/worxpace.pro\/et\/demo-hooldusauto\/#breadcrumb\",\"itemListElement\":[{\"@type\":\"ListItem\",\"position\":1,\"name\":\"Home\",\"item\":\"https:\/\/worxpace.pro\/et\/\"},{\"@type\":\"ListItem\",\"position\":2,\"name\":\"Demo hooldusauto\"}]},{\"@type\":\"WebSite\",\"@id\":\"https:\/\/worxpace.pro\/et\/#website\",\"url\":\"https:\/\/worxpace.pro\/et\/\",\"name\":\"Worxpace PRO\",\"description\":\"Custom service trucks and mobile workshops\",\"publisher\":{\"@id\":\"https:\/\/worxpace.pro\/et\/#organization\"},\"potentialAction\":[{\"@type\":\"SearchAction\",\"target\":{\"@type\":\"EntryPoint\",\"urlTemplate\":\"https:\/\/worxpace.pro\/et\/?s={search_term_string}\"},\"query-input\":{\"@type\":\"PropertyValueSpecification\",\"valueRequired\":true,\"valueName\":\"search_term_string\"}}],\"inLanguage\":\"et\"},{\"@type\":\"Organization\",\"@id\":\"https:\/\/worxpace.pro\/et\/#organization\",\"name\":\"Veoki Pealisehituse O\u00dc\",\"url\":\"https:\/\/worxpace.pro\/et\/\",\"logo\":{\"@type\":\"ImageObject\",\"inLanguage\":\"et\",\"@id\":\"https:\/\/worxpace.pro\/et\/#\/schema\/logo\/image\/\",\"url\":\"https:\/\/i0.wp.com\/worxpace.pro\/wp-content\/uploads\/2021\/12\/worxpace-logo-small.png?fit=300%2C50&ssl=1\",\"contentUrl\":\"https:\/\/i0.wp.com\/worxpace.pro\/wp-content\/uploads\/2021\/12\/worxpace-logo-small.png?fit=300%2C50&ssl=1\",\"width\":300,\"height\":50,\"caption\":\"Veoki Pealisehituse O\u00dc\"},\"image\":{\"@id\":\"https:\/\/worxpace.pro\/et\/#\/schema\/logo\/image\/\"},\"sameAs\":[\"https:\/\/www.facebook.com\/Worxpacepro-2061684580819513\/\",\"https:\/\/www.instagram.com\/worxpace_pro\/\",\"https:\/\/www.linkedin.com\/company\/worxpace-pro\/\"]}]}<\/script>\n<!-- \/ Yoast SEO plugin. -->","yoast_head_json":{"title":"Demo hooldusauto - Worxpace PRO","robots":{"index":"index","follow":"follow","max-snippet":"max-snippet:-1","max-image-preview":"max-image-preview:large","max-video-preview":"max-video-preview:-1"},"canonical":"https:\/\/worxpace.pro\/et\/demo-hooldusauto\/","og_locale":"et_EE","og_type":"article","og_title":"Demo hooldusauto - Worxpace PRO","og_description":"Mugavus Worxpace PRO hooldusauto on mugav mobiilne t\u00f6\u00f6koht rasketehnika hooldusettev\u00f5tetele. Worxpace PRO hooldusauto mahutavus on 8+ kuupmeetrit suurem kui kaubikul. Siin on rohkem ruumi t\u00f6\u00f6tamiseks, rohkem ruumi tehnikale ja varuosadele. Lahtik\u00e4iva trepi abil on lihtne autosse siseneda ja sealt v\u00e4ljuda. Hooldusauto k\u00fclje sisse on ehitatud tasapind, mida saab kasutada t\u00f6\u00f6riistade asetamiseks v\u00f5i t\u00f6\u00f6pinnana. Ka saab [&hellip;]","og_url":"https:\/\/worxpace.pro\/et\/demo-hooldusauto\/","og_site_name":"Worxpace PRO","article_publisher":"https:\/\/www.facebook.com\/Worxpacepro-2061684580819513\/","article_modified_time":"2018-09-14T14:01:52+00:00","og_image":[{"url":"https:\/\/worxpace.pro\/wp-content\/uploads\/2018\/09\/HU_12092018_Worxpace_PRO_Roosna-Alliku_035_v-1024x693.jpg","type":"","width":"","height":""}],"twitter_card":"summary_large_image","twitter_misc":{"Est. reading time":"2 minutit"},"schema":{"@context":"https:\/\/schema.org","@graph":[{"@type":"WebPage","@id":"https:\/\/worxpace.pro\/et\/demo-hooldusauto\/","url":"https:\/\/worxpace.pro\/et\/demo-hooldusauto\/","name":"Demo hooldusauto - Worxpace PRO","isPartOf":{"@id":"https:\/\/worxpace.pro\/et\/#website"},"primaryImageOfPage":{"@id":"https:\/\/worxpace.pro\/et\/demo-hooldusauto\/#primaryimage"},"image":{"@id":"https:\/\/worxpace.pro\/et\/demo-hooldusauto\/#primaryimage"},"thumbnailUrl":"https:\/\/worxpace.pro\/wp-content\/uploads\/2018\/09\/HU_12092018_Worxpace_PRO_Roosna-Alliku_035_v-1024x693.jpg","datePublished":"2018-08-15T10:07:28+00:00","dateModified":"2018-09-14T14:01:52+00:00","breadcrumb":{"@id":"https:\/\/worxpace.pro\/et\/demo-hooldusauto\/#breadcrumb"},"inLanguage":"et","potentialAction":[{"@type":"ReadAction","target":["https:\/\/worxpace.pro\/et\/demo-hooldusauto\/"]}]},{"@type":"ImageObject","inLanguage":"et","@id":"https:\/\/worxpace.pro\/et\/demo-hooldusauto\/#primaryimage","url":"https:\/\/worxpace.pro\/wp-content\/uploads\/2018\/09\/HU_12092018_Worxpace_PRO_Roosna-Alliku_035_v-1024x693.jpg","contentUrl":"https:\/\/worxpace.pro\/wp-content\/uploads\/2018\/09\/HU_12092018_Worxpace_PRO_Roosna-Alliku_035_v-1024x693.jpg"},{"@type":"BreadcrumbList","@id":"https:\/\/worxpace.pro\/et\/demo-hooldusauto\/#breadcrumb","itemListElement":[{"@type":"ListItem","position":1,"name":"Home","item":"https:\/\/worxpace.pro\/et\/"},{"@type":"ListItem","position":2,"name":"Demo hooldusauto"}]},{"@type":"WebSite","@id":"https:\/\/worxpace.pro\/et\/#website","url":"https:\/\/worxpace.pro\/et\/","name":"Worxpace PRO","description":"Custom service trucks and mobile workshops","publisher":{"@id":"https:\/\/worxpace.pro\/et\/#organization"},"potentialAction":[{"@type":"SearchAction","target":{"@type":"EntryPoint","urlTemplate":"https:\/\/worxpace.pro\/et\/?s={search_term_string}"},"query-input":{"@type":"PropertyValueSpecification","valueRequired":true,"valueName":"search_term_string"}}],"inLanguage":"et"},{"@type":"Organization","@id":"https:\/\/worxpace.pro\/et\/#organization","name":"Veoki Pealisehituse O\u00dc","url":"https:\/\/worxpace.pro\/et\/","logo":{"@type":"ImageObject","inLanguage":"et","@id":"https:\/\/worxpace.pro\/et\/#\/schema\/logo\/image\/","url":"https:\/\/i0.wp.com\/worxpace.pro\/wp-content\/uploads\/2021\/12\/worxpace-logo-small.png?fit=300%2C50&ssl=1","contentUrl":"https:\/\/i0.wp.com\/worxpace.pro\/wp-content\/uploads\/2021\/12\/worxpace-logo-small.png?fit=300%2C50&ssl=1","width":300,"height":50,"caption":"Veoki Pealisehituse O\u00dc"},"image":{"@id":"https:\/\/worxpace.pro\/et\/#\/schema\/logo\/image\/"},"sameAs":["https:\/\/www.facebook.com\/Worxpacepro-2061684580819513\/","https:\/\/www.instagram.com\/worxpace_pro\/","https:\/\/www.linkedin.com\/company\/worxpace-pro\/"]}]}},"jetpack_sharing_enabled":true,"_links":{"self":[{"href":"https:\/\/worxpace.pro\/et\/wp-json\/wp\/v2\/pages\/310","targetHints":{"allow":["GET"]}}],"collection":[{"href":"https:\/\/worxpace.pro\/et\/wp-json\/wp\/v2\/pages"}],"about":[{"href":"https:\/\/worxpace.pro\/et\/wp-json\/wp\/v2\/types\/page"}],"author":[{"embeddable":true,"href":"https:\/\/worxpace.pro\/et\/wp-json\/wp\/v2\/users\/1"}],"replies":[{"embeddable":true,"href":"https:\/\/worxpace.pro\/et\/wp-json\/wp\/v2\/comments?post=310"}],"version-history":[{"count":7,"href":"https:\/\/worxpace.pro\/et\/wp-json\/wp\/v2\/pages\/310\/revisions"}],"predecessor-version":[{"id":526,"href":"https:\/\/worxpace.pro\/et\/wp-json\/wp\/v2\/pages\/310\/revisions\/526"}],"wp:attachment":[{"href":"https:\/\/worxpace.pro\/et\/wp-json\/wp\/v2\/media?parent=310"}],"curies":[{"name":"wp","href":"https:\/\/api.w.org\/{rel}","templated":true}]}}