{"id":457,"date":"2018-09-11T17:08:40","date_gmt":"2018-09-11T14:08:40","guid":{"rendered":"https:\/\/worxpace.pro\/?page_id=457"},"modified":"2023-09-29T14:21:04","modified_gmt":"2023-09-29T12:21:04","slug":"uudised","status":"publish","type":"page","link":"https:\/\/worxpace.pro\/et\/uudised\/","title":{"rendered":"Uudised"},"content":{"rendered":"\t\t<div data-elementor-type=\"wp-page\" data-elementor-id=\"457\" class=\"elementor elementor-457 elementor-447\" data-elementor-post-type=\"page\">\n\t\t\t\t\t\t<section class=\"elementor-section elementor-top-section elementor-element elementor-element-2037a990 elementor-section-boxed elementor-section-height-default elementor-section-height-default\" data-id=\"2037a990\" data-element_type=\"section\">\n\t\t\t\t\t\t<div class=\"elementor-container elementor-column-gap-default\">\n\t\t\t\t\t<div class=\"elementor-column elementor-col-100 elementor-top-column elementor-element elementor-element-2eb56cab\" data-id=\"2eb56cab\" data-element_type=\"column\">\n\t\t\t<div class=\"elementor-widget-wrap elementor-element-populated\">\n\t\t\t\t\t\t<div class=\"elementor-element elementor-element-1f1ff9d1 elementor-widget elementor-widget-heading\" data-id=\"1f1ff9d1\" data-element_type=\"widget\" data-widget_type=\"heading.default\">\n\t\t\t\t<div class=\"elementor-widget-container\">\n\t\t\t\t\t<h2 class=\"elementor-heading-title elementor-size-default\">UUDISED<\/h2>\t\t\t\t<\/div>\n\t\t\t\t<\/div>\n\t\t\t\t\t<\/div>\n\t\t<\/div>\n\t\t\t\t\t<\/div>\n\t\t<\/section>\n\t\t\t\t<section class=\"elementor-section elementor-top-section elementor-element elementor-element-5dabc4a0 elementor-section-full_width elementor-section-height-default elementor-section-height-default\" data-id=\"5dabc4a0\" data-element_type=\"section\">\n\t\t\t\t\t\t<div class=\"elementor-container elementor-column-gap-default\">\n\t\t\t\t\t<div class=\"elementor-column elementor-col-100 elementor-top-column elementor-element elementor-element-f32caef\" data-id=\"f32caef\" data-element_type=\"column\">\n\t\t\t<div class=\"elementor-widget-wrap elementor-element-populated\">\n\t\t\t\t\t\t\t<\/div>\n\t\t<\/div>\n\t\t\t\t\t<\/div>\n\t\t<\/section>\n\t\t\t\t<section class=\"elementor-section elementor-top-section elementor-element elementor-element-74734672 elementor-section-content-middle elementor-section-boxed elementor-section-height-default elementor-section-height-default\" data-id=\"74734672\" data-element_type=\"section\">\n\t\t\t\t\t\t<div class=\"elementor-container elementor-column-gap-no\">\n\t\t\t\t\t<div class=\"elementor-column elementor-col-33 elementor-top-column elementor-element elementor-element-2d9f1453\" data-id=\"2d9f1453\" data-element_type=\"column\">\n\t\t\t<div class=\"elementor-widget-wrap elementor-element-populated\">\n\t\t\t\t\t\t<div class=\"elementor-element elementor-element-16e20963 elementor-widget elementor-widget-text-editor\" data-id=\"16e20963\" data-element_type=\"widget\" data-widget_type=\"text-editor.default\">\n\t\t\t\t<div class=\"elementor-widget-container\">\n\t\t\t\t\t\t\t\t\t<p>Kes me oleme<\/p>\n\t\t\t\t\t\t\t\t<\/div>\n\t\t\t\t<\/div>\n\t\t\t\t<div class=\"elementor-element elementor-element-492707e elementor-widget elementor-widget-heading\" data-id=\"492707e\" data-element_type=\"widget\" data-widget_type=\"heading.default\">\n\t\t\t\t<div class=\"elementor-widget-container\">\n\t\t\t\t\t<h3 class=\"elementor-heading-title elementor-size-default\">EHITAME TIPPTASEMEL MOBIILSEID HOOLDUS\u00ad\u00adT\u00d6\u00d6KODASID<\/h3>\t\t\t\t<\/div>\n\t\t\t\t<\/div>\n\t\t\t\t<div class=\"elementor-element elementor-element-ab9526d elementor-widget-divider--view-line elementor-widget elementor-widget-divider\" data-id=\"ab9526d\" data-element_type=\"widget\" data-widget_type=\"divider.default\">\n\t\t\t\t<div class=\"elementor-widget-container\">\n\t\t\t\t\t\t\t<div class=\"elementor-divider\">\n\t\t\t<span class=\"elementor-divider-separator\">\n\t\t\t\t\t\t<\/span>\n\t\t<\/div>\n\t\t\t\t\t\t<\/div>\n\t\t\t\t<\/div>\n\t\t\t\t\t<\/div>\n\t\t<\/div>\n\t\t\t\t<div class=\"elementor-column elementor-col-33 elementor-top-column elementor-element elementor-element-1fe275d5\" data-id=\"1fe275d5\" data-element_type=\"column\">\n\t\t\t<div class=\"elementor-widget-wrap elementor-element-populated\">\n\t\t\t\t\t\t<div class=\"elementor-element elementor-element-3257a621 elementor-widget elementor-widget-image\" data-id=\"3257a621\" data-element_type=\"widget\" data-widget_type=\"image.default\">\n\t\t\t\t<div class=\"elementor-widget-container\">\n\t\t\t\t\t\t\t\t\t\t\t\t\t\t\t<img fetchpriority=\"high\" decoding=\"async\" data-attachment-id=\"1970\" data-permalink=\"https:\/\/worxpace.pro\/et\/?attachment_id=1970\" data-orig-file=\"https:\/\/worxpace.pro\/wp-content\/uploads\/2022\/02\/HelenUrbanik_23012020_Grupipilt_VPE_20_21_600x700.jpg\" data-orig-size=\"600,700\" data-comments-opened=\"0\" data-image-meta=\"{&quot;aperture&quot;:&quot;13&quot;,&quot;credit&quot;:&quot;Helen Urbanik&quot;,&quot;camera&quot;:&quot;NIKON D4&quot;,&quot;caption&quot;:&quot;Grupipilt VPE 20&quot;,&quot;created_timestamp&quot;:&quot;1579781851&quot;,&quot;copyright&quot;:&quot;2009-2019&quot;,&quot;focal_length&quot;:&quot;21&quot;,&quot;iso&quot;:&quot;100&quot;,&quot;shutter_speed&quot;:&quot;0.01&quot;,&quot;title&quot;:&quot;Grupipilt VPE 20&quot;,&quot;orientation&quot;:&quot;1&quot;}\" data-image-title=\"Grupipilt VPE 20\" data-image-description=\"\" data-image-caption=\"&lt;p&gt;Grupipilt VPE 20&lt;\/p&gt;\n\" data-medium-file=\"https:\/\/worxpace.pro\/wp-content\/uploads\/2022\/02\/HelenUrbanik_23012020_Grupipilt_VPE_20_21_600x700-257x300.jpg\" data-large-file=\"https:\/\/worxpace.pro\/wp-content\/uploads\/2022\/02\/HelenUrbanik_23012020_Grupipilt_VPE_20_21_600x700.jpg\" width=\"600\" height=\"700\" src=\"https:\/\/worxpace.pro\/wp-content\/uploads\/2022\/02\/HelenUrbanik_23012020_Grupipilt_VPE_20_21_600x700.jpg\" class=\"elementor-animation-grow attachment-full size-full wp-image-1970\" alt=\"\" srcset=\"https:\/\/worxpace.pro\/wp-content\/uploads\/2022\/02\/HelenUrbanik_23012020_Grupipilt_VPE_20_21_600x700.jpg 600w, https:\/\/worxpace.pro\/wp-content\/uploads\/2022\/02\/HelenUrbanik_23012020_Grupipilt_VPE_20_21_600x700-257x300.jpg 257w, https:\/\/worxpace.pro\/wp-content\/uploads\/2022\/02\/HelenUrbanik_23012020_Grupipilt_VPE_20_21_600x700-86x100.jpg 86w, https:\/\/worxpace.pro\/wp-content\/uploads\/2022\/02\/HelenUrbanik_23012020_Grupipilt_VPE_20_21_600x700-171x200.jpg 171w\" sizes=\"(max-width: 600px) 100vw, 600px\" data-attachment-id=\"1970\" data-permalink=\"https:\/\/worxpace.pro\/et\/?attachment_id=1970\" data-orig-file=\"https:\/\/worxpace.pro\/wp-content\/uploads\/2022\/02\/HelenUrbanik_23012020_Grupipilt_VPE_20_21_600x700.jpg\" data-orig-size=\"600,700\" data-comments-opened=\"0\" data-image-meta=\"{&quot;aperture&quot;:&quot;13&quot;,&quot;credit&quot;:&quot;Helen Urbanik&quot;,&quot;camera&quot;:&quot;NIKON D4&quot;,&quot;caption&quot;:&quot;Grupipilt VPE 20&quot;,&quot;created_timestamp&quot;:&quot;1579781851&quot;,&quot;copyright&quot;:&quot;2009-2019&quot;,&quot;focal_length&quot;:&quot;21&quot;,&quot;iso&quot;:&quot;100&quot;,&quot;shutter_speed&quot;:&quot;0.01&quot;,&quot;title&quot;:&quot;Grupipilt VPE 20&quot;,&quot;orientation&quot;:&quot;1&quot;}\" data-image-title=\"Grupipilt VPE 20\" data-image-description=\"\" data-image-caption=\"&lt;p&gt;Grupipilt VPE 20&lt;\/p&gt;\n\" data-medium-file=\"https:\/\/worxpace.pro\/wp-content\/uploads\/2022\/02\/HelenUrbanik_23012020_Grupipilt_VPE_20_21_600x700-257x300.jpg\" data-large-file=\"https:\/\/worxpace.pro\/wp-content\/uploads\/2022\/02\/HelenUrbanik_23012020_Grupipilt_VPE_20_21_600x700.jpg\" \/>\t\t\t\t\t\t\t\t\t\t\t\t\t\t\t<\/div>\n\t\t\t\t<\/div>\n\t\t\t\t<div class=\"elementor-element elementor-element-6255f985 elementor-widget elementor-widget-text-editor\" data-id=\"6255f985\" data-element_type=\"widget\" data-widget_type=\"text-editor.default\">\n\t\t\t\t<div class=\"elementor-widget-container\">\n\t\t\t\t\t\t\t\t\t<p>Worxpace PRO peamine toode on tehnika viimase s\u00f5na j\u00e4rgi valminud mobiilne hooldust\u00f6\u00f6koda.<\/p>\n<p>Worxpace PRO hooldusauto, hoolduskaubik v\u00f5i hooldushaagis pakub intelligentseid elektroonilisi lahendusi ning on kujundatud parimate t\u00f6\u00f6stusdisainerite poolt.<\/p>\n\t\t\t\t\t\t\t\t<\/div>\n\t\t\t\t<\/div>\n\t\t\t\t\t<\/div>\n\t\t<\/div>\n\t\t\t\t<div class=\"elementor-column elementor-col-33 elementor-top-column elementor-element elementor-element-1e45b306\" data-id=\"1e45b306\" data-element_type=\"column\">\n\t\t\t<div class=\"elementor-widget-wrap elementor-element-populated\">\n\t\t\t\t\t\t<div class=\"elementor-element elementor-element-56ef8127 elementor-widget elementor-widget-text-editor\" data-id=\"56ef8127\" data-element_type=\"widget\" data-widget_type=\"text-editor.default\">\n\t\t\t\t<div class=\"elementor-widget-container\">\n\t\t\t\t\t\t\t\t\t<p>Br\u00e4nd Worxpace PRO kuulub Eesti pereettev\u00f5ttele <a href=\"https:\/\/vpe.ee\/\" target=\"_blank\" rel=\"noopener\">Veoki Pealisehituse O\u00dc<\/a>, kellel on 20-aastane kogemus rallist ja motokrossist. Worxpace PRO ei luba tootmises eksimusi.<\/p>\n\t\t\t\t\t\t\t\t<\/div>\n\t\t\t\t<\/div>\n\t\t\t\t<div class=\"elementor-element elementor-element-77f508fd elementor-widget elementor-widget-image\" data-id=\"77f508fd\" data-element_type=\"widget\" data-widget_type=\"image.default\">\n\t\t\t\t<div class=\"elementor-widget-container\">\n\t\t\t\t\t\t\t\t\t\t\t\t\t\t\t<img decoding=\"async\" data-attachment-id=\"1972\" data-permalink=\"https:\/\/worxpace.pro\/et\/?attachment_id=1972\" data-orig-file=\"https:\/\/worxpace.pro\/wp-content\/uploads\/2022\/02\/HU_19032019_Herning_044_600x700.jpg\" data-orig-size=\"600,700\" data-comments-opened=\"0\" data-image-meta=\"{&quot;aperture&quot;:&quot;0&quot;,&quot;credit&quot;:&quot;&quot;,&quot;camera&quot;:&quot;&quot;,&quot;caption&quot;:&quot;&quot;,&quot;created_timestamp&quot;:&quot;0&quot;,&quot;copyright&quot;:&quot;2009-2019&quot;,&quot;focal_length&quot;:&quot;0&quot;,&quot;iso&quot;:&quot;0&quot;,&quot;shutter_speed&quot;:&quot;0&quot;,&quot;title&quot;:&quot;&quot;,&quot;orientation&quot;:&quot;0&quot;}\" data-image-title=\"HU_19032019_Herning_044_600x700\" data-image-description=\"\" data-image-caption=\"\" data-medium-file=\"https:\/\/worxpace.pro\/wp-content\/uploads\/2022\/02\/HU_19032019_Herning_044_600x700-257x300.jpg\" data-large-file=\"https:\/\/worxpace.pro\/wp-content\/uploads\/2022\/02\/HU_19032019_Herning_044_600x700.jpg\" width=\"600\" height=\"700\" src=\"https:\/\/worxpace.pro\/wp-content\/uploads\/2022\/02\/HU_19032019_Herning_044_600x700.jpg\" class=\"elementor-animation-grow attachment-full size-full wp-image-1972\" alt=\"\" srcset=\"https:\/\/worxpace.pro\/wp-content\/uploads\/2022\/02\/HU_19032019_Herning_044_600x700.jpg 600w, https:\/\/worxpace.pro\/wp-content\/uploads\/2022\/02\/HU_19032019_Herning_044_600x700-257x300.jpg 257w, https:\/\/worxpace.pro\/wp-content\/uploads\/2022\/02\/HU_19032019_Herning_044_600x700-86x100.jpg 86w, https:\/\/worxpace.pro\/wp-content\/uploads\/2022\/02\/HU_19032019_Herning_044_600x700-171x200.jpg 171w\" sizes=\"(max-width: 600px) 100vw, 600px\" data-attachment-id=\"1972\" data-permalink=\"https:\/\/worxpace.pro\/et\/?attachment_id=1972\" data-orig-file=\"https:\/\/worxpace.pro\/wp-content\/uploads\/2022\/02\/HU_19032019_Herning_044_600x700.jpg\" data-orig-size=\"600,700\" data-comments-opened=\"0\" data-image-meta=\"{&quot;aperture&quot;:&quot;0&quot;,&quot;credit&quot;:&quot;&quot;,&quot;camera&quot;:&quot;&quot;,&quot;caption&quot;:&quot;&quot;,&quot;created_timestamp&quot;:&quot;0&quot;,&quot;copyright&quot;:&quot;2009-2019&quot;,&quot;focal_length&quot;:&quot;0&quot;,&quot;iso&quot;:&quot;0&quot;,&quot;shutter_speed&quot;:&quot;0&quot;,&quot;title&quot;:&quot;&quot;,&quot;orientation&quot;:&quot;0&quot;}\" data-image-title=\"HU_19032019_Herning_044_600x700\" data-image-description=\"\" data-image-caption=\"\" data-medium-file=\"https:\/\/worxpace.pro\/wp-content\/uploads\/2022\/02\/HU_19032019_Herning_044_600x700-257x300.jpg\" data-large-file=\"https:\/\/worxpace.pro\/wp-content\/uploads\/2022\/02\/HU_19032019_Herning_044_600x700.jpg\" \/>\t\t\t\t\t\t\t\t\t\t\t\t\t\t\t<\/div>\n\t\t\t\t<\/div>\n\t\t\t\t\t<\/div>\n\t\t<\/div>\n\t\t\t\t\t<\/div>\n\t\t<\/section>\n\t\t\t\t<\/div>\n\t\t","protected":false},"excerpt":{"rendered":"<p>UUDISED Kes me oleme EHITAME TIPPTASEMEL MOBIILSEID HOOLDUS\u00ad\u00adT\u00d6\u00d6KODASID Worxpace PRO peamine toode on tehnika viimase s\u00f5na j\u00e4rgi valminud mobiilne hooldust\u00f6\u00f6koda. Worxpace PRO hooldusauto, hoolduskaubik v\u00f5i hooldushaagis pakub intelligentseid elektroonilisi lahendusi ning on kujundatud parimate t\u00f6\u00f6stusdisainerite poolt. Br\u00e4nd Worxpace PRO kuulub Eesti pereettev\u00f5ttele Veoki Pealisehituse O\u00dc, kellel on 20-aastane kogemus rallist ja motokrossist. Worxpace PRO ei [&hellip;]<\/p>\n","protected":false},"author":1,"featured_media":0,"parent":0,"menu_order":0,"comment_status":"closed","ping_status":"closed","template":"","meta":{"jetpack_post_was_ever_published":false,"footnotes":""},"class_list":["post-457","page","type-page","status-publish","hentry"],"yoast_head":"<!-- This site is optimized with the Yoast SEO plugin v26.4 - https:\/\/yoast.com\/wordpress\/plugins\/seo\/ -->\n<title>Uudised - Worxpace PRO<\/title>\n<meta name=\"robots\" content=\"index, follow, max-snippet:-1, max-image-preview:large, max-video-preview:-1\" \/>\n<link rel=\"canonical\" href=\"https:\/\/worxpace.pro\/et\/uudised\/\" \/>\n<meta property=\"og:locale\" content=\"et_EE\" \/>\n<meta property=\"og:type\" content=\"article\" \/>\n<meta property=\"og:title\" content=\"Uudised - Worxpace PRO\" \/>\n<meta property=\"og:description\" content=\"UUDISED Kes me oleme EHITAME TIPPTASEMEL MOBIILSEID HOOLDUS\u00ad\u00adT\u00d6\u00d6KODASID Worxpace PRO peamine toode on tehnika viimase s\u00f5na j\u00e4rgi valminud mobiilne hooldust\u00f6\u00f6koda. Worxpace PRO hooldusauto, hoolduskaubik v\u00f5i hooldushaagis pakub intelligentseid elektroonilisi lahendusi ning on kujundatud parimate t\u00f6\u00f6stusdisainerite poolt. Br\u00e4nd Worxpace PRO kuulub Eesti pereettev\u00f5ttele Veoki Pealisehituse O\u00dc, kellel on 20-aastane kogemus rallist ja motokrossist. Worxpace PRO ei [&hellip;]\" \/>\n<meta property=\"og:url\" content=\"https:\/\/worxpace.pro\/et\/uudised\/\" \/>\n<meta property=\"og:site_name\" content=\"Worxpace PRO\" \/>\n<meta property=\"article:publisher\" content=\"https:\/\/www.facebook.com\/Worxpacepro-2061684580819513\/\" \/>\n<meta property=\"article:modified_time\" content=\"2023-09-29T12:21:04+00:00\" \/>\n<meta property=\"og:image\" content=\"https:\/\/i0.wp.com\/worxpace.pro\/wp-content\/uploads\/2022\/02\/HelenUrbanik_23012020_Grupipilt_VPE_20_21_600x700.jpg?fit=600%2C700&amp;ssl=1\" \/>\n<meta name=\"twitter:card\" content=\"summary_large_image\" \/>\n<script type=\"application\/ld+json\" class=\"yoast-schema-graph\">{\"@context\":\"https:\/\/schema.org\",\"@graph\":[{\"@type\":\"WebPage\",\"@id\":\"https:\/\/worxpace.pro\/et\/uudised\/\",\"url\":\"https:\/\/worxpace.pro\/et\/uudised\/\",\"name\":\"Uudised - Worxpace PRO\",\"isPartOf\":{\"@id\":\"https:\/\/worxpace.pro\/et\/#website\"},\"primaryImageOfPage\":{\"@id\":\"https:\/\/worxpace.pro\/et\/uudised\/#primaryimage\"},\"image\":{\"@id\":\"https:\/\/worxpace.pro\/et\/uudised\/#primaryimage\"},\"thumbnailUrl\":\"https:\/\/i0.wp.com\/worxpace.pro\/wp-content\/uploads\/2022\/02\/HelenUrbanik_23012020_Grupipilt_VPE_20_21_600x700.jpg?fit=600%2C700&amp;ssl=1\",\"datePublished\":\"2018-09-11T14:08:40+00:00\",\"dateModified\":\"2023-09-29T12:21:04+00:00\",\"breadcrumb\":{\"@id\":\"https:\/\/worxpace.pro\/et\/uudised\/#breadcrumb\"},\"inLanguage\":\"et\",\"potentialAction\":[{\"@type\":\"ReadAction\",\"target\":[\"https:\/\/worxpace.pro\/et\/uudised\/\"]}]},{\"@type\":\"ImageObject\",\"inLanguage\":\"et\",\"@id\":\"https:\/\/worxpace.pro\/et\/uudised\/#primaryimage\",\"url\":\"https:\/\/i0.wp.com\/worxpace.pro\/wp-content\/uploads\/2022\/02\/HelenUrbanik_23012020_Grupipilt_VPE_20_21_600x700.jpg?fit=600%2C700&amp;ssl=1\",\"contentUrl\":\"https:\/\/i0.wp.com\/worxpace.pro\/wp-content\/uploads\/2022\/02\/HelenUrbanik_23012020_Grupipilt_VPE_20_21_600x700.jpg?fit=600%2C700&amp;ssl=1\"},{\"@type\":\"BreadcrumbList\",\"@id\":\"https:\/\/worxpace.pro\/et\/uudised\/#breadcrumb\",\"itemListElement\":[{\"@type\":\"ListItem\",\"position\":1,\"name\":\"Home\",\"item\":\"https:\/\/worxpace.pro\/et\/\"},{\"@type\":\"ListItem\",\"position\":2,\"name\":\"Uudised\"}]},{\"@type\":\"WebSite\",\"@id\":\"https:\/\/worxpace.pro\/et\/#website\",\"url\":\"https:\/\/worxpace.pro\/et\/\",\"name\":\"Worxpace PRO\",\"description\":\"Custom service trucks and mobile workshops\",\"publisher\":{\"@id\":\"https:\/\/worxpace.pro\/et\/#organization\"},\"potentialAction\":[{\"@type\":\"SearchAction\",\"target\":{\"@type\":\"EntryPoint\",\"urlTemplate\":\"https:\/\/worxpace.pro\/et\/?s={search_term_string}\"},\"query-input\":{\"@type\":\"PropertyValueSpecification\",\"valueRequired\":true,\"valueName\":\"search_term_string\"}}],\"inLanguage\":\"et\"},{\"@type\":\"Organization\",\"@id\":\"https:\/\/worxpace.pro\/et\/#organization\",\"name\":\"Veoki Pealisehituse O\u00dc\",\"url\":\"https:\/\/worxpace.pro\/et\/\",\"logo\":{\"@type\":\"ImageObject\",\"inLanguage\":\"et\",\"@id\":\"https:\/\/worxpace.pro\/et\/#\/schema\/logo\/image\/\",\"url\":\"https:\/\/i0.wp.com\/worxpace.pro\/wp-content\/uploads\/2021\/12\/worxpace-logo-small.png?fit=300%2C50&ssl=1\",\"contentUrl\":\"https:\/\/i0.wp.com\/worxpace.pro\/wp-content\/uploads\/2021\/12\/worxpace-logo-small.png?fit=300%2C50&ssl=1\",\"width\":300,\"height\":50,\"caption\":\"Veoki Pealisehituse O\u00dc\"},\"image\":{\"@id\":\"https:\/\/worxpace.pro\/et\/#\/schema\/logo\/image\/\"},\"sameAs\":[\"https:\/\/www.facebook.com\/Worxpacepro-2061684580819513\/\",\"https:\/\/www.instagram.com\/worxpace_pro\/\",\"https:\/\/www.linkedin.com\/company\/worxpace-pro\/\"]}]}<\/script>\n<!-- \/ Yoast SEO plugin. -->","yoast_head_json":{"title":"Uudised - Worxpace PRO","robots":{"index":"index","follow":"follow","max-snippet":"max-snippet:-1","max-image-preview":"max-image-preview:large","max-video-preview":"max-video-preview:-1"},"canonical":"https:\/\/worxpace.pro\/et\/uudised\/","og_locale":"et_EE","og_type":"article","og_title":"Uudised - Worxpace PRO","og_description":"UUDISED Kes me oleme EHITAME TIPPTASEMEL MOBIILSEID HOOLDUS\u00ad\u00adT\u00d6\u00d6KODASID Worxpace PRO peamine toode on tehnika viimase s\u00f5na j\u00e4rgi valminud mobiilne hooldust\u00f6\u00f6koda. Worxpace PRO hooldusauto, hoolduskaubik v\u00f5i hooldushaagis pakub intelligentseid elektroonilisi lahendusi ning on kujundatud parimate t\u00f6\u00f6stusdisainerite poolt. Br\u00e4nd Worxpace PRO kuulub Eesti pereettev\u00f5ttele Veoki Pealisehituse O\u00dc, kellel on 20-aastane kogemus rallist ja motokrossist. Worxpace PRO ei [&hellip;]","og_url":"https:\/\/worxpace.pro\/et\/uudised\/","og_site_name":"Worxpace PRO","article_publisher":"https:\/\/www.facebook.com\/Worxpacepro-2061684580819513\/","article_modified_time":"2023-09-29T12:21:04+00:00","og_image":[{"url":"https:\/\/i0.wp.com\/worxpace.pro\/wp-content\/uploads\/2022\/02\/HelenUrbanik_23012020_Grupipilt_VPE_20_21_600x700.jpg?fit=600%2C700&amp;ssl=1","type":"","width":"","height":""}],"twitter_card":"summary_large_image","schema":{"@context":"https:\/\/schema.org","@graph":[{"@type":"WebPage","@id":"https:\/\/worxpace.pro\/et\/uudised\/","url":"https:\/\/worxpace.pro\/et\/uudised\/","name":"Uudised - Worxpace PRO","isPartOf":{"@id":"https:\/\/worxpace.pro\/et\/#website"},"primaryImageOfPage":{"@id":"https:\/\/worxpace.pro\/et\/uudised\/#primaryimage"},"image":{"@id":"https:\/\/worxpace.pro\/et\/uudised\/#primaryimage"},"thumbnailUrl":"https:\/\/i0.wp.com\/worxpace.pro\/wp-content\/uploads\/2022\/02\/HelenUrbanik_23012020_Grupipilt_VPE_20_21_600x700.jpg?fit=600%2C700&amp;ssl=1","datePublished":"2018-09-11T14:08:40+00:00","dateModified":"2023-09-29T12:21:04+00:00","breadcrumb":{"@id":"https:\/\/worxpace.pro\/et\/uudised\/#breadcrumb"},"inLanguage":"et","potentialAction":[{"@type":"ReadAction","target":["https:\/\/worxpace.pro\/et\/uudised\/"]}]},{"@type":"ImageObject","inLanguage":"et","@id":"https:\/\/worxpace.pro\/et\/uudised\/#primaryimage","url":"https:\/\/i0.wp.com\/worxpace.pro\/wp-content\/uploads\/2022\/02\/HelenUrbanik_23012020_Grupipilt_VPE_20_21_600x700.jpg?fit=600%2C700&amp;ssl=1","contentUrl":"https:\/\/i0.wp.com\/worxpace.pro\/wp-content\/uploads\/2022\/02\/HelenUrbanik_23012020_Grupipilt_VPE_20_21_600x700.jpg?fit=600%2C700&amp;ssl=1"},{"@type":"BreadcrumbList","@id":"https:\/\/worxpace.pro\/et\/uudised\/#breadcrumb","itemListElement":[{"@type":"ListItem","position":1,"name":"Home","item":"https:\/\/worxpace.pro\/et\/"},{"@type":"ListItem","position":2,"name":"Uudised"}]},{"@type":"WebSite","@id":"https:\/\/worxpace.pro\/et\/#website","url":"https:\/\/worxpace.pro\/et\/","name":"Worxpace PRO","description":"Custom service trucks and mobile workshops","publisher":{"@id":"https:\/\/worxpace.pro\/et\/#organization"},"potentialAction":[{"@type":"SearchAction","target":{"@type":"EntryPoint","urlTemplate":"https:\/\/worxpace.pro\/et\/?s={search_term_string}"},"query-input":{"@type":"PropertyValueSpecification","valueRequired":true,"valueName":"search_term_string"}}],"inLanguage":"et"},{"@type":"Organization","@id":"https:\/\/worxpace.pro\/et\/#organization","name":"Veoki Pealisehituse O\u00dc","url":"https:\/\/worxpace.pro\/et\/","logo":{"@type":"ImageObject","inLanguage":"et","@id":"https:\/\/worxpace.pro\/et\/#\/schema\/logo\/image\/","url":"https:\/\/i0.wp.com\/worxpace.pro\/wp-content\/uploads\/2021\/12\/worxpace-logo-small.png?fit=300%2C50&ssl=1","contentUrl":"https:\/\/i0.wp.com\/worxpace.pro\/wp-content\/uploads\/2021\/12\/worxpace-logo-small.png?fit=300%2C50&ssl=1","width":300,"height":50,"caption":"Veoki Pealisehituse O\u00dc"},"image":{"@id":"https:\/\/worxpace.pro\/et\/#\/schema\/logo\/image\/"},"sameAs":["https:\/\/www.facebook.com\/Worxpacepro-2061684580819513\/","https:\/\/www.instagram.com\/worxpace_pro\/","https:\/\/www.linkedin.com\/company\/worxpace-pro\/"]}]}},"jetpack_sharing_enabled":true,"_links":{"self":[{"href":"https:\/\/worxpace.pro\/et\/wp-json\/wp\/v2\/pages\/457","targetHints":{"allow":["GET"]}}],"collection":[{"href":"https:\/\/worxpace.pro\/et\/wp-json\/wp\/v2\/pages"}],"about":[{"href":"https:\/\/worxpace.pro\/et\/wp-json\/wp\/v2\/types\/page"}],"author":[{"embeddable":true,"href":"https:\/\/worxpace.pro\/et\/wp-json\/wp\/v2\/users\/1"}],"replies":[{"embeddable":true,"href":"https:\/\/worxpace.pro\/et\/wp-json\/wp\/v2\/comments?post=457"}],"version-history":[{"count":8,"href":"https:\/\/worxpace.pro\/et\/wp-json\/wp\/v2\/pages\/457\/revisions"}],"predecessor-version":[{"id":4066,"href":"https:\/\/worxpace.pro\/et\/wp-json\/wp\/v2\/pages\/457\/revisions\/4066"}],"wp:attachment":[{"href":"https:\/\/worxpace.pro\/et\/wp-json\/wp\/v2\/media?parent=457"}],"curies":[{"name":"wp","href":"https:\/\/api.w.org\/{rel}","templated":true}]}}