{"id":3432,"date":"2023-07-21T13:09:12","date_gmt":"2023-07-21T11:09:12","guid":{"rendered":"https:\/\/worxpace.pro\/galleria\/"},"modified":"2023-07-21T13:09:12","modified_gmt":"2023-07-21T11:09:12","slug":"galleria","status":"publish","type":"page","link":"https:\/\/worxpace.pro\/fi\/galleria\/","title":{"rendered":"Galleria"},"content":{"rendered":"\t\t<div data-elementor-type=\"wp-page\" data-elementor-id=\"3432\" class=\"elementor elementor-3432 elementor-1447\" data-elementor-post-type=\"page\">\n\t\t\t\t\t\t<section class=\"elementor-section elementor-top-section elementor-element elementor-element-7173d968 elementor-section-height-min-height elementor-section-items-stretch elementor-section-content-middle elementor-section-boxed elementor-section-height-default\" data-id=\"7173d968\" data-element_type=\"section\" data-settings=\"{&quot;background_background&quot;:&quot;classic&quot;}\">\n\t\t\t\t\t\t<div class=\"elementor-container elementor-column-gap-no\">\n\t\t\t\t\t<div class=\"elementor-column elementor-col-100 elementor-top-column elementor-element elementor-element-2f6b3466\" data-id=\"2f6b3466\" data-element_type=\"column\">\n\t\t\t<div class=\"elementor-widget-wrap elementor-element-populated\">\n\t\t\t\t\t\t<div class=\"elementor-element elementor-element-69714e01 elementor-invisible elementor-widget elementor-widget-heading\" data-id=\"69714e01\" data-element_type=\"widget\" data-settings=\"{&quot;_animation&quot;:&quot;fadeIn&quot;}\" data-widget_type=\"heading.default\">\n\t\t\t\t<div class=\"elementor-widget-container\">\n\t\t\t\t\t<h1 class=\"elementor-heading-title elementor-size-default\">Huoltoautot<\/h1>\t\t\t\t<\/div>\n\t\t\t\t<\/div>\n\t\t\t\t<div class=\"elementor-element elementor-element-5ad496ea elementor-widget-divider--view-line elementor-invisible elementor-widget elementor-widget-divider\" data-id=\"5ad496ea\" data-element_type=\"widget\" data-settings=\"{&quot;_animation&quot;:&quot;fadeIn&quot;,&quot;_animation_delay&quot;:&quot;200&quot;}\" data-widget_type=\"divider.default\">\n\t\t\t\t<div class=\"elementor-widget-container\">\n\t\t\t\t\t\t\t<div class=\"elementor-divider\">\n\t\t\t<span class=\"elementor-divider-separator\">\n\t\t\t\t\t\t<\/span>\n\t\t<\/div>\n\t\t\t\t\t\t<\/div>\n\t\t\t\t<\/div>\n\t\t\t\t<div class=\"elementor-element elementor-element-23fc66f2 elementor-widget elementor-widget-text-editor\" data-id=\"23fc66f2\" data-element_type=\"widget\" data-widget_type=\"text-editor.default\">\n\t\t\t\t<div class=\"elementor-widget-container\">\n\t\t\t\t\t\t\t\t\t<p>Jokainen huoltoauto on rakennettu tarpeidesi mukaan. Worxpace PRO huoltoauto tarjoaa paljon enemm\u00e4n kuin tavallinen ty\u00f6ymp\u00e4rist\u00f6.<\/p>\n\t\t\t\t\t\t\t\t<\/div>\n\t\t\t\t<\/div>\n\t\t\t\t\t<\/div>\n\t\t<\/div>\n\t\t\t\t\t<\/div>\n\t\t<\/section>\n\t\t\t\t<section class=\"elementor-section elementor-top-section elementor-element elementor-element-14cfcf5 elementor-section-boxed elementor-section-height-default elementor-section-height-default\" data-id=\"14cfcf5\" data-element_type=\"section\">\n\t\t\t\t\t\t<div class=\"elementor-container elementor-column-gap-default\">\n\t\t\t\t\t<div class=\"elementor-column elementor-col-66 elementor-top-column elementor-element elementor-element-eb45d93\" data-id=\"eb45d93\" data-element_type=\"column\">\n\t\t\t<div class=\"elementor-widget-wrap\">\n\t\t\t\t\t\t\t<\/div>\n\t\t<\/div>\n\t\t\t\t<div class=\"elementor-column elementor-col-33 elementor-top-column elementor-element elementor-element-12a451d\" data-id=\"12a451d\" data-element_type=\"column\">\n\t\t\t<div class=\"elementor-widget-wrap\">\n\t\t\t\t\t\t\t<\/div>\n\t\t<\/div>\n\t\t\t\t\t<\/div>\n\t\t<\/section>\n\t\t\t\t<\/div>\n\t\t","protected":false},"excerpt":{"rendered":"<p>Huoltoautot Jokainen huoltoauto on rakennettu tarpeidesi mukaan. Worxpace PRO huoltoauto tarjoaa paljon enemm\u00e4n kuin tavallinen ty\u00f6ymp\u00e4rist\u00f6.<\/p>\n","protected":false},"author":1,"featured_media":0,"parent":0,"menu_order":0,"comment_status":"closed","ping_status":"closed","template":"","meta":{"jetpack_post_was_ever_published":false,"footnotes":""},"class_list":["post-3432","page","type-page","status-publish","hentry"],"yoast_head":"<!-- This site is optimized with the Yoast SEO plugin v26.4 - https:\/\/yoast.com\/wordpress\/plugins\/seo\/ -->\n<title>Galleria - Worxpace PRO<\/title>\n<meta name=\"robots\" content=\"index, follow, max-snippet:-1, max-image-preview:large, max-video-preview:-1\" \/>\n<link rel=\"canonical\" href=\"https:\/\/worxpace.pro\/fi\/galleria\/\" \/>\n<meta property=\"og:locale\" content=\"fi_FI\" \/>\n<meta property=\"og:type\" content=\"article\" \/>\n<meta property=\"og:title\" content=\"Galleria - Worxpace PRO\" \/>\n<meta property=\"og:description\" content=\"Huoltoautot Jokainen huoltoauto on rakennettu tarpeidesi mukaan. Worxpace PRO huoltoauto tarjoaa paljon enemm\u00e4n kuin tavallinen ty\u00f6ymp\u00e4rist\u00f6.\" \/>\n<meta property=\"og:url\" content=\"https:\/\/worxpace.pro\/fi\/galleria\/\" \/>\n<meta property=\"og:site_name\" content=\"Worxpace PRO\" \/>\n<meta property=\"article:publisher\" content=\"https:\/\/www.facebook.com\/Worxpacepro-2061684580819513\/\" \/>\n<meta property=\"og:image\" content=\"https:\/\/worxpace.pro\/wp-content\/uploads\/2020\/02\/HelenUrbanik_23012020_Grupipilt_VPE_20_21_v.jpg\" \/>\n\t<meta property=\"og:image:width\" content=\"1200\" \/>\n\t<meta property=\"og:image:height\" content=\"799\" \/>\n\t<meta property=\"og:image:type\" content=\"image\/jpeg\" \/>\n<meta name=\"twitter:card\" content=\"summary_large_image\" \/>\n<script type=\"application\/ld+json\" class=\"yoast-schema-graph\">{\"@context\":\"https:\/\/schema.org\",\"@graph\":[{\"@type\":\"WebPage\",\"@id\":\"https:\/\/worxpace.pro\/fi\/galleria\/\",\"url\":\"https:\/\/worxpace.pro\/fi\/galleria\/\",\"name\":\"Galleria - Worxpace PRO\",\"isPartOf\":{\"@id\":\"https:\/\/worxpace.pro\/fi\/#website\"},\"datePublished\":\"2023-07-21T11:09:12+00:00\",\"breadcrumb\":{\"@id\":\"https:\/\/worxpace.pro\/fi\/galleria\/#breadcrumb\"},\"inLanguage\":\"fi\",\"potentialAction\":[{\"@type\":\"ReadAction\",\"target\":[\"https:\/\/worxpace.pro\/fi\/galleria\/\"]}]},{\"@type\":\"BreadcrumbList\",\"@id\":\"https:\/\/worxpace.pro\/fi\/galleria\/#breadcrumb\",\"itemListElement\":[{\"@type\":\"ListItem\",\"position\":1,\"name\":\"Home\",\"item\":\"https:\/\/worxpace.pro\/fi\/\"},{\"@type\":\"ListItem\",\"position\":2,\"name\":\"Galleria\"}]},{\"@type\":\"WebSite\",\"@id\":\"https:\/\/worxpace.pro\/fi\/#website\",\"url\":\"https:\/\/worxpace.pro\/fi\/\",\"name\":\"Worxpace PRO\",\"description\":\"Custom service trucks and mobile workshops\",\"publisher\":{\"@id\":\"https:\/\/worxpace.pro\/fi\/#organization\"},\"potentialAction\":[{\"@type\":\"SearchAction\",\"target\":{\"@type\":\"EntryPoint\",\"urlTemplate\":\"https:\/\/worxpace.pro\/fi\/?s={search_term_string}\"},\"query-input\":{\"@type\":\"PropertyValueSpecification\",\"valueRequired\":true,\"valueName\":\"search_term_string\"}}],\"inLanguage\":\"fi\"},{\"@type\":\"Organization\",\"@id\":\"https:\/\/worxpace.pro\/fi\/#organization\",\"name\":\"Veoki Pealisehituse O\u00dc\",\"url\":\"https:\/\/worxpace.pro\/fi\/\",\"logo\":{\"@type\":\"ImageObject\",\"inLanguage\":\"fi\",\"@id\":\"https:\/\/worxpace.pro\/fi\/#\/schema\/logo\/image\/\",\"url\":\"https:\/\/i0.wp.com\/worxpace.pro\/wp-content\/uploads\/2021\/12\/worxpace-logo-small.png?fit=300%2C50&ssl=1\",\"contentUrl\":\"https:\/\/i0.wp.com\/worxpace.pro\/wp-content\/uploads\/2021\/12\/worxpace-logo-small.png?fit=300%2C50&ssl=1\",\"width\":300,\"height\":50,\"caption\":\"Veoki Pealisehituse O\u00dc\"},\"image\":{\"@id\":\"https:\/\/worxpace.pro\/fi\/#\/schema\/logo\/image\/\"},\"sameAs\":[\"https:\/\/www.facebook.com\/Worxpacepro-2061684580819513\/\",\"https:\/\/www.instagram.com\/worxpace_pro\/\",\"https:\/\/www.linkedin.com\/company\/worxpace-pro\/\"]}]}<\/script>\n<!-- \/ Yoast SEO plugin. -->","yoast_head_json":{"title":"Galleria - Worxpace PRO","robots":{"index":"index","follow":"follow","max-snippet":"max-snippet:-1","max-image-preview":"max-image-preview:large","max-video-preview":"max-video-preview:-1"},"canonical":"https:\/\/worxpace.pro\/fi\/galleria\/","og_locale":"fi_FI","og_type":"article","og_title":"Galleria - Worxpace PRO","og_description":"Huoltoautot Jokainen huoltoauto on rakennettu tarpeidesi mukaan. Worxpace PRO huoltoauto tarjoaa paljon enemm\u00e4n kuin tavallinen ty\u00f6ymp\u00e4rist\u00f6.","og_url":"https:\/\/worxpace.pro\/fi\/galleria\/","og_site_name":"Worxpace PRO","article_publisher":"https:\/\/www.facebook.com\/Worxpacepro-2061684580819513\/","og_image":[{"width":1200,"height":799,"url":"https:\/\/worxpace.pro\/wp-content\/uploads\/2020\/02\/HelenUrbanik_23012020_Grupipilt_VPE_20_21_v.jpg","type":"image\/jpeg"}],"twitter_card":"summary_large_image","schema":{"@context":"https:\/\/schema.org","@graph":[{"@type":"WebPage","@id":"https:\/\/worxpace.pro\/fi\/galleria\/","url":"https:\/\/worxpace.pro\/fi\/galleria\/","name":"Galleria - Worxpace PRO","isPartOf":{"@id":"https:\/\/worxpace.pro\/fi\/#website"},"datePublished":"2023-07-21T11:09:12+00:00","breadcrumb":{"@id":"https:\/\/worxpace.pro\/fi\/galleria\/#breadcrumb"},"inLanguage":"fi","potentialAction":[{"@type":"ReadAction","target":["https:\/\/worxpace.pro\/fi\/galleria\/"]}]},{"@type":"BreadcrumbList","@id":"https:\/\/worxpace.pro\/fi\/galleria\/#breadcrumb","itemListElement":[{"@type":"ListItem","position":1,"name":"Home","item":"https:\/\/worxpace.pro\/fi\/"},{"@type":"ListItem","position":2,"name":"Galleria"}]},{"@type":"WebSite","@id":"https:\/\/worxpace.pro\/fi\/#website","url":"https:\/\/worxpace.pro\/fi\/","name":"Worxpace PRO","description":"Custom service trucks and mobile workshops","publisher":{"@id":"https:\/\/worxpace.pro\/fi\/#organization"},"potentialAction":[{"@type":"SearchAction","target":{"@type":"EntryPoint","urlTemplate":"https:\/\/worxpace.pro\/fi\/?s={search_term_string}"},"query-input":{"@type":"PropertyValueSpecification","valueRequired":true,"valueName":"search_term_string"}}],"inLanguage":"fi"},{"@type":"Organization","@id":"https:\/\/worxpace.pro\/fi\/#organization","name":"Veoki Pealisehituse O\u00dc","url":"https:\/\/worxpace.pro\/fi\/","logo":{"@type":"ImageObject","inLanguage":"fi","@id":"https:\/\/worxpace.pro\/fi\/#\/schema\/logo\/image\/","url":"https:\/\/i0.wp.com\/worxpace.pro\/wp-content\/uploads\/2021\/12\/worxpace-logo-small.png?fit=300%2C50&ssl=1","contentUrl":"https:\/\/i0.wp.com\/worxpace.pro\/wp-content\/uploads\/2021\/12\/worxpace-logo-small.png?fit=300%2C50&ssl=1","width":300,"height":50,"caption":"Veoki Pealisehituse O\u00dc"},"image":{"@id":"https:\/\/worxpace.pro\/fi\/#\/schema\/logo\/image\/"},"sameAs":["https:\/\/www.facebook.com\/Worxpacepro-2061684580819513\/","https:\/\/www.instagram.com\/worxpace_pro\/","https:\/\/www.linkedin.com\/company\/worxpace-pro\/"]}]}},"jetpack_sharing_enabled":true,"_links":{"self":[{"href":"https:\/\/worxpace.pro\/fi\/wp-json\/wp\/v2\/pages\/3432","targetHints":{"allow":["GET"]}}],"collection":[{"href":"https:\/\/worxpace.pro\/fi\/wp-json\/wp\/v2\/pages"}],"about":[{"href":"https:\/\/worxpace.pro\/fi\/wp-json\/wp\/v2\/types\/page"}],"author":[{"embeddable":true,"href":"https:\/\/worxpace.pro\/fi\/wp-json\/wp\/v2\/users\/1"}],"replies":[{"embeddable":true,"href":"https:\/\/worxpace.pro\/fi\/wp-json\/wp\/v2\/comments?post=3432"}],"version-history":[{"count":1,"href":"https:\/\/worxpace.pro\/fi\/wp-json\/wp\/v2\/pages\/3432\/revisions"}],"predecessor-version":[{"id":3433,"href":"https:\/\/worxpace.pro\/fi\/wp-json\/wp\/v2\/pages\/3432\/revisions\/3433"}],"wp:attachment":[{"href":"https:\/\/worxpace.pro\/fi\/wp-json\/wp\/v2\/media?parent=3432"}],"curies":[{"name":"wp","href":"https:\/\/api.w.org\/{rel}","templated":true}]}}