{"id":3434,"date":"2023-07-21T13:31:17","date_gmt":"2023-07-21T11:31:17","guid":{"rendered":"https:\/\/worxpace.pro\/demo-huoltoauto\/"},"modified":"2023-07-21T13:31:17","modified_gmt":"2023-07-21T11:31:17","slug":"demo-huoltoauto","status":"publish","type":"page","link":"https:\/\/worxpace.pro\/fi\/demo-huoltoauto\/","title":{"rendered":"Demo huoltoauto"},"content":{"rendered":"<figure id=\"attachment_2794\" aria-describedby=\"caption-attachment-2794\" style=\"width: 980px\" class=\"wp-caption alignleft\"><a href=\"https:\/\/worxpace.pro\/wp-content\/uploads\/2018\/09\/HU_12092018_Worxpace_PRO_Roosna-Alliku_035_v-1024x693.jpg\"><img fetchpriority=\"high\" decoding=\"async\" class=\"size-large wp-image-463\" src=\"https:\/\/worxpace.pro\/wp-content\/uploads\/2018\/09\/HU_12092018_Worxpace_PRO_Roosna-Alliku_035_v-1024x693.jpg\" alt=\"\" width=\"980\" height=\"663\" srcset=\"https:\/\/worxpace.pro\/wp-content\/uploads\/2018\/09\/HU_12092018_Worxpace_PRO_Roosna-Alliku_035_v-1024x693.jpg 1024w, https:\/\/worxpace.pro\/wp-content\/uploads\/2018\/09\/HU_12092018_Worxpace_PRO_Roosna-Alliku_035_v-300x203.jpg 300w, https:\/\/worxpace.pro\/wp-content\/uploads\/2018\/09\/HU_12092018_Worxpace_PRO_Roosna-Alliku_035_v-768x520.jpg 768w, https:\/\/worxpace.pro\/wp-content\/uploads\/2018\/09\/HU_12092018_Worxpace_PRO_Roosna-Alliku_035_v-148x100.jpg 148w, https:\/\/worxpace.pro\/wp-content\/uploads\/2018\/09\/HU_12092018_Worxpace_PRO_Roosna-Alliku_035_v-296x200.jpg 296w, https:\/\/worxpace.pro\/wp-content\/uploads\/2018\/09\/HU_12092018_Worxpace_PRO_Roosna-Alliku_035_v.jpg 1200w\" sizes=\"(max-width: 980px) 100vw, 980px\" \/><\/a><figcaption id=\"caption-attachment-2794\" class=\"wp-caption-text\">Worxpace PRO Demo huoltoauto vasemmalta puolelta<\/figcaption><\/figure>\n<h3>Mukavuus<\/h3>\n<p>Worxpace PRO huoltoauto on <strong>mukava ty\u00f6tila<\/strong> raskaan kaluston huoltoteollisuudelle.<\/p>\n<p>Worxpace PRO huoltoautossa on <strong>yli 8 kuutiometri\u00e4 enemm\u00e4n tilaa<\/strong> kuin pakettiautossa. Materiaaleille ja laitteille sek\u00e4 ty\u00f6nteolle on enemm\u00e4n tilaa.<\/p>\n<p><strong>Kokoontaitettavat portaat<\/strong> tekev\u00e4t autoon astumisesta helppoa.<\/p>\n<p>Huoltoauton sivulla on <strong>sis\u00e4\u00e4nrakennettu tila<\/strong>, jota voidaan k\u00e4ytt\u00e4\u00e4 ty\u00f6kalujen s\u00e4ilytt\u00e4miseen tai ty\u00f6tilana. Siirrett\u00e4v\u00e4 ty\u00f6kaluvaunu voidaan vet\u00e4\u00e4 ulos auton sis\u00e4tiloista.<\/p>\n<figure id=\"attachment_2795\" aria-describedby=\"caption-attachment-2795\" style=\"width: 980px\" class=\"wp-caption alignleft\"><a href=\"https:\/\/worxpace.pro\/wp-content\/uploads\/2018\/09\/HU_12092018_Worxpace_PRO_Roosna-Alliku_097_v-1024x684.jpg\"><img decoding=\"async\" class=\"size-large wp-image-466\" src=\"https:\/\/worxpace.pro\/wp-content\/uploads\/2018\/09\/HU_12092018_Worxpace_PRO_Roosna-Alliku_097_v-1024x684.jpg\" alt=\"\" width=\"980\" height=\"655\" srcset=\"https:\/\/worxpace.pro\/wp-content\/uploads\/2018\/09\/HU_12092018_Worxpace_PRO_Roosna-Alliku_097_v-1024x684.jpg 1024w, https:\/\/worxpace.pro\/wp-content\/uploads\/2018\/09\/HU_12092018_Worxpace_PRO_Roosna-Alliku_097_v-300x200.jpg 300w, https:\/\/worxpace.pro\/wp-content\/uploads\/2018\/09\/HU_12092018_Worxpace_PRO_Roosna-Alliku_097_v-768x513.jpg 768w, https:\/\/worxpace.pro\/wp-content\/uploads\/2018\/09\/HU_12092018_Worxpace_PRO_Roosna-Alliku_097_v-150x100.jpg 150w, https:\/\/worxpace.pro\/wp-content\/uploads\/2018\/09\/HU_12092018_Worxpace_PRO_Roosna-Alliku_097_v.jpg 1200w\" sizes=\"(max-width: 980px) 100vw, 980px\" \/><\/a><figcaption id=\"caption-attachment-2795\" class=\"wp-caption-text\">Worxpace PRO huoltoauto takapuolelta<\/figcaption><\/figure>\n<h3>Perusajoneuvo<\/h3>\n<p>7 t Iveco Daily 3 l moottorilla on <strong>7-paikkainen<\/strong>, joten <strong>isompikin miehist\u00f6<\/strong> voidaan tarvittaessa kuljettaa komennukseen.<\/p>\n<h3>Nopeammat \u00f6ljynvaihtot<\/h3>\n<p><strong>\u00d6ljybaari aukeaa ulkopuolelta<\/strong> ja pit\u00e4\u00e4 sis\u00e4ll\u00e4\u00e4n 2 x 200 l tynnyri\u00e4 ja lis\u00e4ksi kaksi pienemp\u00e4\u00e4;<br \/><strong>\u00d6ljyletkut<\/strong>, jotka ulottuvat ulkopuolelle;<br \/>Kanisterit ja muut <strong>\u00f6ljynvaihdossa tarvittavat ty\u00f6kalut<\/strong>.<\/p>\n<h3>S\u00e4hk\u00f6t ja teho<\/h3>\n<p>Auton ulkopuolella \u00f6ljybaarissa <strong>kytkent\u00e4taulu<\/strong>;<br \/>Ty\u00f6kaluille pistokkeet <strong>sis\u00e4- ja ulkopuolella 3 x 380 V ja 220 V<\/strong> sek\u00e4 USB liittimet;<br \/><strong>Bensiinigeneraattori<\/strong>, joka s\u00e4hk\u00f6ist\u00e4\u00e4 auton. Generaattori voidaan liikuttaa auton ulkopuolelle, jotta auton sis\u00e4ilma ei k\u00e4rsi.<\/p>\n<figure id=\"attachment_2793\" aria-describedby=\"caption-attachment-2793\" style=\"width: 980px\" class=\"wp-caption alignleft\"><a href=\"https:\/\/worxpace.pro\/wp-content\/uploads\/2018\/09\/HU_12092018_Worxpace_PRO_Roosna-Alliku_122_v-1024x684.jpg\"><img decoding=\"async\" class=\"size-large wp-image-460\" src=\"https:\/\/worxpace.pro\/wp-content\/uploads\/2018\/09\/HU_12092018_Worxpace_PRO_Roosna-Alliku_122_v-1024x684.jpg\" alt=\"\" width=\"980\" height=\"655\" srcset=\"https:\/\/worxpace.pro\/wp-content\/uploads\/2018\/09\/HU_12092018_Worxpace_PRO_Roosna-Alliku_122_v-1024x684.jpg 1024w, https:\/\/worxpace.pro\/wp-content\/uploads\/2018\/09\/HU_12092018_Worxpace_PRO_Roosna-Alliku_122_v-300x200.jpg 300w, https:\/\/worxpace.pro\/wp-content\/uploads\/2018\/09\/HU_12092018_Worxpace_PRO_Roosna-Alliku_122_v-768x513.jpg 768w, https:\/\/worxpace.pro\/wp-content\/uploads\/2018\/09\/HU_12092018_Worxpace_PRO_Roosna-Alliku_122_v-150x100.jpg 150w, https:\/\/worxpace.pro\/wp-content\/uploads\/2018\/09\/HU_12092018_Worxpace_PRO_Roosna-Alliku_122_v.jpg 1200w\" sizes=\"(max-width: 980px) 100vw, 980px\" \/><\/a><figcaption id=\"caption-attachment-2793\" class=\"wp-caption-text\">Worxpace PRO huoltoauto oikealta puolelta<\/figcaption><\/figure>\n<h3>Ajoneuvon sis\u00e4ll\u00e4<\/h3>\n<p><strong>Laadukkaat ty\u00f6tasot<\/strong>;<br \/><strong>Aluca hyllyt ja s\u00e4ilytysj\u00e4rjestelm\u00e4<\/strong> tarjoaa runsaasti s\u00e4ilytystilaa;<br \/><strong>Ikkunat auton kummallakin puolella<\/strong> ja my\u00f6s <strong>kaksi kattoikkunaa<\/strong>;<br \/>Useita laitteita, kuten <strong>hitsauskone<\/strong> ja ilmakompressori, jne;<br \/><strong>Pieni henkil\u00f6kohtainen tila<\/strong> siistiytymiseen ja ty\u00f6vaatteille;<br \/><strong>LED-ty\u00f6valot<\/strong>;<br \/><strong>Pistorasiat sek\u00e4 USB-lautauspiseet<\/strong>;<br \/><strong>Kerroslevyt erist\u00e4v\u00e4t korin<\/strong>, jolloin talvella on l\u00e4mmin ja kes\u00e4ll\u00e4 viile\u00e4\u00e4;<br \/><strong>Lis\u00e4l\u00e4mmitysj\u00e4rjestelm\u00e4<\/strong>.<\/p>\n<figure id=\"attachment_2796\" aria-describedby=\"caption-attachment-2796\" style=\"width: 980px\" class=\"wp-caption alignleft\"><a href=\"https:\/\/worxpace.pro\/wp-content\/uploads\/2018\/09\/HU_12092018_Worxpace_PRO_Roosna-Alliku_054_v-1024x684.jpg\"><img loading=\"lazy\" decoding=\"async\" class=\"size-large wp-image-468\" src=\"https:\/\/worxpace.pro\/wp-content\/uploads\/2018\/09\/HU_12092018_Worxpace_PRO_Roosna-Alliku_054_v-1024x684.jpg\" alt=\"\" width=\"980\" height=\"655\" srcset=\"https:\/\/worxpace.pro\/wp-content\/uploads\/2018\/09\/HU_12092018_Worxpace_PRO_Roosna-Alliku_054_v-1024x684.jpg 1024w, https:\/\/worxpace.pro\/wp-content\/uploads\/2018\/09\/HU_12092018_Worxpace_PRO_Roosna-Alliku_054_v-300x200.jpg 300w, https:\/\/worxpace.pro\/wp-content\/uploads\/2018\/09\/HU_12092018_Worxpace_PRO_Roosna-Alliku_054_v-768x513.jpg 768w, https:\/\/worxpace.pro\/wp-content\/uploads\/2018\/09\/HU_12092018_Worxpace_PRO_Roosna-Alliku_054_v-150x100.jpg 150w, https:\/\/worxpace.pro\/wp-content\/uploads\/2018\/09\/HU_12092018_Worxpace_PRO_Roosna-Alliku_054_v.jpg 1200w\" sizes=\"(max-width: 980px) 100vw, 980px\" \/><\/a><figcaption id=\"caption-attachment-2796\" class=\"wp-caption-text\">Worxpace PRO huoltoauto etupuolelta<\/figcaption><\/figure>\n<h3>Nosto- s\u00e4ilytys, ja kuljetusratkaisut<\/h3>\n<p><strong>Autoon rakennettu nosturi<\/strong> voidaan ottaa esiin ja sill\u00e4 voidaan nostaa materiaaleja autoon ja autosta pois tai liikutella materiaaleja auton ulkopuolella. Nostokyky 1,3 t.<br \/><strong>Katolla oleva spoileri<\/strong> parantaa auton aerodynamiikkaa sek\u00e4 tarjoaa lis\u00e4\u00e4 s\u00e4ilytystilaa;<br \/>Korin alaosassa on <strong>s\u00e4ilytyslokeroita<\/strong>;<br \/>Korin lattiassa on kuljetusta varten <strong>kiinnitysj\u00e4rjestelm\u00e4<\/strong>;<br \/><strong>Korin kattoa<\/strong> voidaan k\u00e4ytt\u00e4\u00e4 materiaalien kuljetukseen ja sinne p\u00e4\u00e4see <strong>irrotettavilla tikkailla<\/strong>.<\/p>\n<h3>Valaistus<\/h3>\n<p>Auton sis\u00e4- ja ulkopuolella on korkealaatuiset <strong>LED-ty\u00f6valot<\/strong>;<br \/><strong>Kannettava ja ladattava LED-valaistusj\u00e4rjestelm\u00e4<\/strong> voidaan asentaa katolle tai maahan;<br \/><strong>LED-strobovalot<\/strong> tekev\u00e4t auton tunnistettavaksi.<\/p>\n<p>[envira-gallery id=&#8221;472&#8243;]<\/p>\n<p>[envira-gallery id=&#8221;472&#8243;]<\/p>\n","protected":false},"excerpt":{"rendered":"<p>Mukavuus Worxpace PRO huoltoauto on mukava ty\u00f6tila raskaan kaluston huoltoteollisuudelle. Worxpace PRO huoltoautossa on yli 8 kuutiometri\u00e4 enemm\u00e4n tilaa kuin pakettiautossa. Materiaaleille ja laitteille sek\u00e4 ty\u00f6nteolle on enemm\u00e4n tilaa. Kokoontaitettavat portaat tekev\u00e4t autoon astumisesta helppoa. Huoltoauton sivulla on sis\u00e4\u00e4nrakennettu tila, jota voidaan k\u00e4ytt\u00e4\u00e4 ty\u00f6kalujen s\u00e4ilytt\u00e4miseen tai ty\u00f6tilana. Siirrett\u00e4v\u00e4 ty\u00f6kaluvaunu voidaan vet\u00e4\u00e4 ulos auton sis\u00e4tiloista. Perusajoneuvo [&hellip;]<\/p>\n","protected":false},"author":1,"featured_media":0,"parent":0,"menu_order":0,"comment_status":"closed","ping_status":"closed","template":"","meta":{"jetpack_post_was_ever_published":false,"footnotes":""},"class_list":["post-3434","page","type-page","status-publish","hentry"],"yoast_head":"<!-- This site is optimized with the Yoast SEO plugin v26.4 - https:\/\/yoast.com\/wordpress\/plugins\/seo\/ -->\n<title>Demo huoltoauto - Worxpace PRO<\/title>\n<meta name=\"robots\" content=\"index, follow, max-snippet:-1, max-image-preview:large, max-video-preview:-1\" \/>\n<link rel=\"canonical\" href=\"https:\/\/worxpace.pro\/fi\/demo-huoltoauto\/\" \/>\n<meta property=\"og:locale\" content=\"fi_FI\" \/>\n<meta property=\"og:type\" content=\"article\" \/>\n<meta property=\"og:title\" content=\"Demo huoltoauto - Worxpace PRO\" \/>\n<meta property=\"og:description\" content=\"Mukavuus Worxpace PRO huoltoauto on mukava ty\u00f6tila raskaan kaluston huoltoteollisuudelle. Worxpace PRO huoltoautossa on yli 8 kuutiometri\u00e4 enemm\u00e4n tilaa kuin pakettiautossa. Materiaaleille ja laitteille sek\u00e4 ty\u00f6nteolle on enemm\u00e4n tilaa. Kokoontaitettavat portaat tekev\u00e4t autoon astumisesta helppoa. Huoltoauton sivulla on sis\u00e4\u00e4nrakennettu tila, jota voidaan k\u00e4ytt\u00e4\u00e4 ty\u00f6kalujen s\u00e4ilytt\u00e4miseen tai ty\u00f6tilana. Siirrett\u00e4v\u00e4 ty\u00f6kaluvaunu voidaan vet\u00e4\u00e4 ulos auton sis\u00e4tiloista. Perusajoneuvo [&hellip;]\" \/>\n<meta property=\"og:url\" content=\"https:\/\/worxpace.pro\/fi\/demo-huoltoauto\/\" \/>\n<meta property=\"og:site_name\" content=\"Worxpace PRO\" \/>\n<meta property=\"article:publisher\" content=\"https:\/\/www.facebook.com\/Worxpacepro-2061684580819513\/\" \/>\n<meta property=\"og:image\" content=\"https:\/\/worxpace.pro\/wp-content\/uploads\/2018\/09\/HU_12092018_Worxpace_PRO_Roosna-Alliku_035_v-1024x693.jpg\" \/>\n<meta name=\"twitter:card\" content=\"summary_large_image\" \/>\n<meta name=\"twitter:label1\" content=\"Arvioitu lukuaika\" \/>\n\t<meta name=\"twitter:data1\" content=\"2 minuuttia\" \/>\n<script type=\"application\/ld+json\" class=\"yoast-schema-graph\">{\"@context\":\"https:\/\/schema.org\",\"@graph\":[{\"@type\":\"WebPage\",\"@id\":\"https:\/\/worxpace.pro\/fi\/demo-huoltoauto\/\",\"url\":\"https:\/\/worxpace.pro\/fi\/demo-huoltoauto\/\",\"name\":\"Demo huoltoauto - Worxpace PRO\",\"isPartOf\":{\"@id\":\"https:\/\/worxpace.pro\/fi\/#website\"},\"primaryImageOfPage\":{\"@id\":\"https:\/\/worxpace.pro\/fi\/demo-huoltoauto\/#primaryimage\"},\"image\":{\"@id\":\"https:\/\/worxpace.pro\/fi\/demo-huoltoauto\/#primaryimage\"},\"thumbnailUrl\":\"https:\/\/worxpace.pro\/wp-content\/uploads\/2018\/09\/HU_12092018_Worxpace_PRO_Roosna-Alliku_035_v-1024x693.jpg\",\"datePublished\":\"2023-07-21T11:31:17+00:00\",\"breadcrumb\":{\"@id\":\"https:\/\/worxpace.pro\/fi\/demo-huoltoauto\/#breadcrumb\"},\"inLanguage\":\"fi\",\"potentialAction\":[{\"@type\":\"ReadAction\",\"target\":[\"https:\/\/worxpace.pro\/fi\/demo-huoltoauto\/\"]}]},{\"@type\":\"ImageObject\",\"inLanguage\":\"fi\",\"@id\":\"https:\/\/worxpace.pro\/fi\/demo-huoltoauto\/#primaryimage\",\"url\":\"https:\/\/worxpace.pro\/wp-content\/uploads\/2018\/09\/HU_12092018_Worxpace_PRO_Roosna-Alliku_035_v-1024x693.jpg\",\"contentUrl\":\"https:\/\/worxpace.pro\/wp-content\/uploads\/2018\/09\/HU_12092018_Worxpace_PRO_Roosna-Alliku_035_v-1024x693.jpg\"},{\"@type\":\"BreadcrumbList\",\"@id\":\"https:\/\/worxpace.pro\/fi\/demo-huoltoauto\/#breadcrumb\",\"itemListElement\":[{\"@type\":\"ListItem\",\"position\":1,\"name\":\"Home\",\"item\":\"https:\/\/worxpace.pro\/fi\/\"},{\"@type\":\"ListItem\",\"position\":2,\"name\":\"Demo huoltoauto\"}]},{\"@type\":\"WebSite\",\"@id\":\"https:\/\/worxpace.pro\/fi\/#website\",\"url\":\"https:\/\/worxpace.pro\/fi\/\",\"name\":\"Worxpace PRO\",\"description\":\"Custom service trucks and mobile workshops\",\"publisher\":{\"@id\":\"https:\/\/worxpace.pro\/fi\/#organization\"},\"potentialAction\":[{\"@type\":\"SearchAction\",\"target\":{\"@type\":\"EntryPoint\",\"urlTemplate\":\"https:\/\/worxpace.pro\/fi\/?s={search_term_string}\"},\"query-input\":{\"@type\":\"PropertyValueSpecification\",\"valueRequired\":true,\"valueName\":\"search_term_string\"}}],\"inLanguage\":\"fi\"},{\"@type\":\"Organization\",\"@id\":\"https:\/\/worxpace.pro\/fi\/#organization\",\"name\":\"Veoki Pealisehituse O\u00dc\",\"url\":\"https:\/\/worxpace.pro\/fi\/\",\"logo\":{\"@type\":\"ImageObject\",\"inLanguage\":\"fi\",\"@id\":\"https:\/\/worxpace.pro\/fi\/#\/schema\/logo\/image\/\",\"url\":\"https:\/\/i0.wp.com\/worxpace.pro\/wp-content\/uploads\/2021\/12\/worxpace-logo-small.png?fit=300%2C50&ssl=1\",\"contentUrl\":\"https:\/\/i0.wp.com\/worxpace.pro\/wp-content\/uploads\/2021\/12\/worxpace-logo-small.png?fit=300%2C50&ssl=1\",\"width\":300,\"height\":50,\"caption\":\"Veoki Pealisehituse O\u00dc\"},\"image\":{\"@id\":\"https:\/\/worxpace.pro\/fi\/#\/schema\/logo\/image\/\"},\"sameAs\":[\"https:\/\/www.facebook.com\/Worxpacepro-2061684580819513\/\",\"https:\/\/www.instagram.com\/worxpace_pro\/\",\"https:\/\/www.linkedin.com\/company\/worxpace-pro\/\"]}]}<\/script>\n<!-- \/ Yoast SEO plugin. -->","yoast_head_json":{"title":"Demo huoltoauto - Worxpace PRO","robots":{"index":"index","follow":"follow","max-snippet":"max-snippet:-1","max-image-preview":"max-image-preview:large","max-video-preview":"max-video-preview:-1"},"canonical":"https:\/\/worxpace.pro\/fi\/demo-huoltoauto\/","og_locale":"fi_FI","og_type":"article","og_title":"Demo huoltoauto - Worxpace PRO","og_description":"Mukavuus Worxpace PRO huoltoauto on mukava ty\u00f6tila raskaan kaluston huoltoteollisuudelle. Worxpace PRO huoltoautossa on yli 8 kuutiometri\u00e4 enemm\u00e4n tilaa kuin pakettiautossa. Materiaaleille ja laitteille sek\u00e4 ty\u00f6nteolle on enemm\u00e4n tilaa. Kokoontaitettavat portaat tekev\u00e4t autoon astumisesta helppoa. Huoltoauton sivulla on sis\u00e4\u00e4nrakennettu tila, jota voidaan k\u00e4ytt\u00e4\u00e4 ty\u00f6kalujen s\u00e4ilytt\u00e4miseen tai ty\u00f6tilana. Siirrett\u00e4v\u00e4 ty\u00f6kaluvaunu voidaan vet\u00e4\u00e4 ulos auton sis\u00e4tiloista. Perusajoneuvo [&hellip;]","og_url":"https:\/\/worxpace.pro\/fi\/demo-huoltoauto\/","og_site_name":"Worxpace PRO","article_publisher":"https:\/\/www.facebook.com\/Worxpacepro-2061684580819513\/","og_image":[{"url":"https:\/\/worxpace.pro\/wp-content\/uploads\/2018\/09\/HU_12092018_Worxpace_PRO_Roosna-Alliku_035_v-1024x693.jpg","type":"","width":"","height":""}],"twitter_card":"summary_large_image","twitter_misc":{"Arvioitu lukuaika":"2 minuuttia"},"schema":{"@context":"https:\/\/schema.org","@graph":[{"@type":"WebPage","@id":"https:\/\/worxpace.pro\/fi\/demo-huoltoauto\/","url":"https:\/\/worxpace.pro\/fi\/demo-huoltoauto\/","name":"Demo huoltoauto - Worxpace PRO","isPartOf":{"@id":"https:\/\/worxpace.pro\/fi\/#website"},"primaryImageOfPage":{"@id":"https:\/\/worxpace.pro\/fi\/demo-huoltoauto\/#primaryimage"},"image":{"@id":"https:\/\/worxpace.pro\/fi\/demo-huoltoauto\/#primaryimage"},"thumbnailUrl":"https:\/\/worxpace.pro\/wp-content\/uploads\/2018\/09\/HU_12092018_Worxpace_PRO_Roosna-Alliku_035_v-1024x693.jpg","datePublished":"2023-07-21T11:31:17+00:00","breadcrumb":{"@id":"https:\/\/worxpace.pro\/fi\/demo-huoltoauto\/#breadcrumb"},"inLanguage":"fi","potentialAction":[{"@type":"ReadAction","target":["https:\/\/worxpace.pro\/fi\/demo-huoltoauto\/"]}]},{"@type":"ImageObject","inLanguage":"fi","@id":"https:\/\/worxpace.pro\/fi\/demo-huoltoauto\/#primaryimage","url":"https:\/\/worxpace.pro\/wp-content\/uploads\/2018\/09\/HU_12092018_Worxpace_PRO_Roosna-Alliku_035_v-1024x693.jpg","contentUrl":"https:\/\/worxpace.pro\/wp-content\/uploads\/2018\/09\/HU_12092018_Worxpace_PRO_Roosna-Alliku_035_v-1024x693.jpg"},{"@type":"BreadcrumbList","@id":"https:\/\/worxpace.pro\/fi\/demo-huoltoauto\/#breadcrumb","itemListElement":[{"@type":"ListItem","position":1,"name":"Home","item":"https:\/\/worxpace.pro\/fi\/"},{"@type":"ListItem","position":2,"name":"Demo huoltoauto"}]},{"@type":"WebSite","@id":"https:\/\/worxpace.pro\/fi\/#website","url":"https:\/\/worxpace.pro\/fi\/","name":"Worxpace PRO","description":"Custom service trucks and mobile workshops","publisher":{"@id":"https:\/\/worxpace.pro\/fi\/#organization"},"potentialAction":[{"@type":"SearchAction","target":{"@type":"EntryPoint","urlTemplate":"https:\/\/worxpace.pro\/fi\/?s={search_term_string}"},"query-input":{"@type":"PropertyValueSpecification","valueRequired":true,"valueName":"search_term_string"}}],"inLanguage":"fi"},{"@type":"Organization","@id":"https:\/\/worxpace.pro\/fi\/#organization","name":"Veoki Pealisehituse O\u00dc","url":"https:\/\/worxpace.pro\/fi\/","logo":{"@type":"ImageObject","inLanguage":"fi","@id":"https:\/\/worxpace.pro\/fi\/#\/schema\/logo\/image\/","url":"https:\/\/i0.wp.com\/worxpace.pro\/wp-content\/uploads\/2021\/12\/worxpace-logo-small.png?fit=300%2C50&ssl=1","contentUrl":"https:\/\/i0.wp.com\/worxpace.pro\/wp-content\/uploads\/2021\/12\/worxpace-logo-small.png?fit=300%2C50&ssl=1","width":300,"height":50,"caption":"Veoki Pealisehituse O\u00dc"},"image":{"@id":"https:\/\/worxpace.pro\/fi\/#\/schema\/logo\/image\/"},"sameAs":["https:\/\/www.facebook.com\/Worxpacepro-2061684580819513\/","https:\/\/www.instagram.com\/worxpace_pro\/","https:\/\/www.linkedin.com\/company\/worxpace-pro\/"]}]}},"jetpack_sharing_enabled":true,"_links":{"self":[{"href":"https:\/\/worxpace.pro\/fi\/wp-json\/wp\/v2\/pages\/3434","targetHints":{"allow":["GET"]}}],"collection":[{"href":"https:\/\/worxpace.pro\/fi\/wp-json\/wp\/v2\/pages"}],"about":[{"href":"https:\/\/worxpace.pro\/fi\/wp-json\/wp\/v2\/types\/page"}],"author":[{"embeddable":true,"href":"https:\/\/worxpace.pro\/fi\/wp-json\/wp\/v2\/users\/1"}],"replies":[{"embeddable":true,"href":"https:\/\/worxpace.pro\/fi\/wp-json\/wp\/v2\/comments?post=3434"}],"version-history":[{"count":0,"href":"https:\/\/worxpace.pro\/fi\/wp-json\/wp\/v2\/pages\/3434\/revisions"}],"wp:attachment":[{"href":"https:\/\/worxpace.pro\/fi\/wp-json\/wp\/v2\/media?parent=3434"}],"curies":[{"name":"wp","href":"https:\/\/api.w.org\/{rel}","templated":true}]}}